{"id":10,"date":"2015-04-10T01:51:47","date_gmt":"2015-04-10T01:51:47","guid":{"rendered":"http:\/\/localhost\/myjobs\/042015\/helmets\/?page_id=10"},"modified":"2023-10-06T11:37:46","modified_gmt":"2023-10-06T09:37:46","slug":"accueil","status":"publish","type":"page","link":"https:\/\/voltagroupe.fr\/voltalum\/","title":{"rendered":"Accueil"},"content":{"rendered":"<p>[vc_row][vc_column width=\u00a0\u00bb1\/4&Prime;][vc_empty_space height=\u00a0\u00bb50px\u00a0\u00bb]        \r\n        <div class=\"section-title clearfix title-desc-style-electrician align-left   vc_custom_1493302095155 \">\r\n                                            <h2 style=\"font-size: 30px;font-weight: 700;\">Pr\u00e9sentation<\/h2>\r\n                        <div class=\"title-description\"><\/div>\r\n        <\/div>\r\n        \r\n        [vc_empty_space height=\u00a0\u00bb50px\u00a0\u00bb][\/vc_column][vc_column width=\u00a0\u00bb3\/4&Prime;][vc_empty_space height=\u00a0\u00bb50px\u00a0\u00bb][vc_column_text]<span style=\"color: #3b3b3b;\"><strong><span style=\"color: #548ca5;\">VOLTALUM <\/span><\/strong><\/span><span style=\"color: #000000;\">est une soci\u00e9t\u00e9 cr\u00e9\u00e9e en 2012, elle est<\/span> <span style=\"color: #548ca5;\">sp\u00e9cialis\u00e9e dans la revente de mat\u00e9riel d\u2019\u00e9clairage et des syst\u00e8mes de gestion d\u2019\u00e9clairage pour les b\u00e2timents de grande hauteur<\/span>. <span style=\"color: #000000;\">Nous sommes le distributeur exclusif de la marque<\/span> <span style=\"color: #548ca5;\">EAE Lighting <\/span><span style=\"color: #000000;\">pour la France.<\/span><\/p>\n<p><span style=\"color: #000000;\">Nous disposons d\u2019une large gamme de luminaire, pour les b\u00e2timents tertiaires et industriels, aussi bien pour l\u2019\u00e9clairage des locaux que pour l\u2019\u00e9clairage ext\u00e9rieur. Nos luminaires LED de conception robuste s\u2019adapte aux contraintes sp\u00e9cifiques des b\u00e2timents industriels. Gr\u00e2ce \u00e0 la performance de leurs optiques et la qualit\u00e9 de leur r\u00e9flecteurs, nos luminaires sont particuli\u00e8rement bien adapt\u00e9s \u00e0 l\u2019\u00e9clairage des b\u00e2timents qui ont une hauteur sous plafond importantes. Que ce soit pour des b\u00e2timents neufs ou pour la r\u00e9novation d\u2019installations existantes<\/span> <span style=\"color: #000000;\">VOLTALUM<\/span> <span style=\"color: #000000;\">est devenu un sp\u00e9cialiste de l\u2019\u00e9clairage des b\u00e2timents logistiques et industriels.<\/span><\/p>\n<p><span style=\"color: #000000;\">Nous r\u00e9alisons nos propres \u00e9tudes et nous sommes \u00e0 m\u00eame de trouver la solution la mieux adapt\u00e9e aux contraintes de nos clients. Gr\u00e2ce \u00e0 notre d\u00e9marche globale, nous sommes capables d\u2019assister nos clients tout au long de leur projet\u00a0:<\/span><\/p>\n<p><span style=\"color: #548ca5;\">de la conception <\/span><span style=\"color: #000000;\">de leur cahier des charges, ou d\u2019effectuer des relev\u00e9s sur site (enregistrement de donn\u00e9es en amont, relev\u00e9s de c\u00f4tes, relev\u00e9s d\u2019\u00e9clairage, d\u00e9termination de plan etc\u2026)<\/span><\/p>\n<p><span style=\"color: #548ca5;\">en passant par la d\u00e9termination de la meilleure solution d\u2019\u00e9clairage <\/span><span style=\"color: #000000;\">en fonction des crit\u00e8res du projet (\u00e9conomie d\u2019\u00e9nergie, qualit\u00e9 d\u2019\u00e9clairage, contr\u00f4le et gestion de l\u2019\u00e9clairage, contraintes de maintenance, investissement, ROI etc\u2026)<\/span><\/p>\n<p><span style=\"color: #548ca5;\">jusqu\u2019\u00e0 la r\u00e9alisation et la mise en \u0153uvre des solutions propos\u00e9es<\/span><span style=\"color: #000000;\">, gr\u00e2ce \u00e0 la compl\u00e9mentarit\u00e9 des autres soci\u00e9t\u00e9s du groupe,<\/span> <strong><span style=\"color: #a5c226;\">VOLTINGENIRIE<\/span><\/strong> <span style=\"color: #000000;\">pour la r\u00e9alisations des plans d\u2019ex\u00e9cution et des \u00e9tudes d\u2019\u00e9clairage,<\/span> <strong><span style=\"color: #f19425;\">VOLTADIS<\/span><\/strong> <span style=\"color: #000000;\">pour la fourniture des gaines d\u2019\u00e9clairage et<\/span> <strong><span style=\"color: #831f7d;\">VOLTALINK<\/span> <\/strong><span style=\"color: #000000;\">pour l\u2019installation et la mise en \u0153uvre des solutions.<\/span><\/p>\n<p><span style=\"color: #3b3b3b;\">\u00a0<\/span>[\/vc_column_text][vc_empty_space height=\u00a0\u00bb50px\u00a0\u00bb][\/vc_column][\/vc_row][vc_row el_class=\u00a0\u00bbsection\u00a0\u00bb css=\u00a0\u00bb.vc_custom_1499673412571{padding-top: 95px !important;padding-bottom: 80px !important;background-color: #f6f6f6 !important;}\u00a0\u00bb][vc_column offset=\u00a0\u00bbvc_col-lg-3 vc_col-md-4&Prime;]        \r\n        <div class=\"section-title clearfix title-desc-style-electrician align-left   vc_custom_1493301604875 \">\r\n                                            <h2 style=\"font-size: 30px;font-weight: 700;\">Nos Produits<\/h2>\r\n                        <div class=\"title-description\"><\/div>\r\n        <\/div>\r\n        \r\n        [\/vc_column][vc_column offset=\u00a0\u00bbvc_col-lg-9 vc_col-md-9&Prime; css=\u00a0\u00bb.vc_custom_1433406619604{padding-bottom: 60px !important;}\u00a0\u00bb][vc_column_text]<span style=\"color: #000000;\">Tous les produits que nous proposons sont de conception robuste et industriel. Ils sont parfaitement adapt\u00e9s \u00e0 tous types d\u2019environnement et \u00e0 tous types de besoins. Ils sont conformes \u00e0 toutes les normes de fabrication en vigueur.<\/span><\/p>\n<p><span style=\"color: #3b3b3b;\">\u00a0<\/span>[\/vc_column_text][\/vc_column][vc_column][vc_empty_space height=\u00a0\u00bb0&Prime;][\/vc_column][vc_column width=\u00a0\u00bb1\/4&Prime;]<div class=\"ult-content-box-container \" >\t\t<div class=\"ult-content-box\" style=\"box-shadow: px px px px rgb(247, 247, 247) none;-webkit-transition: all 700ms ease;-moz-transition: all 700ms ease;-ms-transition: all 700ms ease;-o-transition: all 700ms ease;transition: all 700ms ease;\"  data-hover_box_shadow=\"none\"    >[vc_single_image image=\u00a0\u00bb2266&Prime; img_size=\u00a0\u00bbfull\u00a0\u00bb alignment=\u00a0\u00bbcenter\u00a0\u00bb]        \r\n        <div class=\"section-title clearfix title-desc-style-plumber align-center   \">\r\n                                            <h2 style=\"font-size: 30px;font-weight: 700;\">REVO LED<\/h2>\r\n                        <div class=\"title-description\"><p><span style=\"color: #000000;\">La gamme REVO LED est id\u00e9ale pour l&rsquo;\u00e9clairage de b\u00e2timents industriels. Pour des hauteurs jusqu&rsquo;\u00e0 8m, des zones ouvertes<\/span><\/p>\n<\/div>\r\n        <\/div>\r\n        \r\n        \t\t<\/div><\/div>[\/vc_column][vc_column width=\u00a0\u00bb1\/4&Prime;]<div class=\"ult-content-box-container \" >\t\t<div class=\"ult-content-box\" style=\"box-shadow: px px px px rgb(247, 247, 247) none;-webkit-transition: all 700ms ease;-moz-transition: all 700ms ease;-ms-transition: all 700ms ease;-o-transition: all 700ms ease;transition: all 700ms ease;\"  data-hover_box_shadow=\"none\"    >[vc_single_image image=\u00a0\u00bb2268&Prime; img_size=\u00a0\u00bbfull\u00a0\u00bb alignment=\u00a0\u00bbcenter\u00a0\u00bb]        \r\n        <div class=\"section-title clearfix title-desc-style-plumber align-center   \">\r\n                                            <h2 style=\"font-size: 30px;font-weight: 700;\">SROUND<\/h2>\r\n                        <div class=\"title-description\"><p><span style=\"color: #000000;\">La gamme SROUND est id\u00e9ale pour des hauteurs de plus de 10m, intensifs ou extensifs pour des b\u00e2timents industriels et logistiques.<\/span><\/p>\n<\/div>\r\n        <\/div>\r\n        \r\n        \t\t<\/div><\/div>[\/vc_column][vc_column width=\u00a0\u00bb1\/4&Prime;]<div class=\"ult-content-box-container \" >\t\t<div class=\"ult-content-box\" style=\"box-shadow: px px px px rgb(247, 247, 247) none;-webkit-transition: all 700ms ease;-moz-transition: all 700ms ease;-ms-transition: all 700ms ease;-o-transition: all 700ms ease;transition: all 700ms ease;\"  data-hover_box_shadow=\"none\"    >[vc_single_image image=\u00a0\u00bb2269&Prime; img_size=\u00a0\u00bbfull\u00a0\u00bb alignment=\u00a0\u00bbcenter\u00a0\u00bb]        \r\n        <div class=\"section-title clearfix title-desc-style-plumber align-center   \">\r\n                                            <h2 style=\"font-size: 30px;font-weight: 700;\">PROLIT EKO<\/h2>\r\n                        <div class=\"title-description\"><p><span style=\"color: #000000;\">Les projecteurs PROLIT EKO se montent au sol ou sur des acrot\u00e8res pour \u00e9clairer fa\u00e7ades et parking.<\/span><\/p>\n<\/div>\r\n        <\/div>\r\n        \r\n        \t\t<\/div><\/div>[\/vc_column][vc_column width=\u00a0\u00bb1\/4&Prime;]<div class=\"ult-content-box-container \" >\t\t<div class=\"ult-content-box\" style=\"box-shadow: px px px px rgb(247, 247, 247) none;-webkit-transition: all 700ms ease;-moz-transition: all 700ms ease;-ms-transition: all 700ms ease;-o-transition: all 700ms ease;transition: all 700ms ease;\"  data-hover_box_shadow=\"none\"    >[vc_single_image image=\u00a0\u00bb2267&Prime; img_size=\u00a0\u00bbfull\u00a0\u00bb alignment=\u00a0\u00bbcenter\u00a0\u00bb]        \r\n        <div class=\"section-title clearfix title-desc-style-plumber align-center   \">\r\n                                            <h2 style=\"font-size: 30px;font-weight: 700;\">ROTANO<\/h2>\r\n                        <div class=\"title-description\"><p><span style=\"color: #000000;\">Les luminaires ROTANO \u00e9clairent parking et voierie en p\u00e9riph\u00e9rie des b\u00e2timents.<\/span><\/p>\n<\/div>\r\n        <\/div>\r\n        \r\n        \t\t<\/div><\/div>[\/vc_column][vc_column css=\u00a0\u00bb.vc_custom_1499673723442{padding-top: 40px !important;}\u00a0\u00bb][vc_btn title=\u00a0\u00bbVoir Plus de Produits\u00a0\u00bb style=\u00a0\u00bbcustom\u00a0\u00bb custom_background=\u00a0\u00bb#3497b5&Prime; custom_text=\u00a0\u00bb#ffffff\u00a0\u00bb size=\u00a0\u00bblg\u00a0\u00bb align=\u00a0\u00bbcenter\u00a0\u00bb link=\u00a0\u00bburl:https%3A%2F%2Fvoltagroupe.fr%2Fvoltalum%2Fproduits%2F|||\u00a0\u00bb][\/vc_column][\/vc_row][vc_row css=\u00a0\u00bb.vc_custom_1499673419877{padding-top: 100px !important;padding-bottom: 100px !important;}\u00a0\u00bb][vc_column offset=\u00a0\u00bbvc_col-lg-3 vc_col-md-4&Prime;][vc_single_image image=\u00a0\u00bb2430&Prime; img_size=\u00a0\u00bbmedium\u00a0\u00bb][\/vc_column][vc_column offset=\u00a0\u00bbvc_col-lg-9 vc_col-md-8&Prime; css=\u00a0\u00bb.vc_custom_1433406507907{padding-bottom: 60px !important;}\u00a0\u00bb][vc_column_text]<\/p>\n<h4><span style=\"color: #3b3b3b;\"><strong><br \/>\nGESTION D&rsquo;ECLAIRAGE\u00a0 SANS FIL<\/strong><br \/>\n<\/span><\/h4>\n<p>[\/vc_column_text][\/vc_column][vc_column][vc_empty_space height=\u00a0\u00bb0&Prime;][\/vc_column][vc_column offset=\u00a0\u00bbvc_col-lg-3 vc_col-md-6&Prime; css=\u00a0\u00bb.vc_custom_1433405498258{padding-bottom: 50px !important;}\u00a0\u00bb]        \r\n                \r\n                        \r\n            <div class=\"ts-service service-style-2  \">\r\n                                \r\n                <div class=\"ts-service-item\">\r\n                    <div class=\"ts-inner\">\r\n                        <img decoding=\"async\" alt=\"Service-img\" src=\"https:\/\/voltagroupe.fr\/voltalum\/wp-content\/plugins\/helmets-core\/\/assets\/images\/noimage\/no_image_transparent-540x536.png\" \/>\r\n                        <div class=\"ts-overlay\" style=\"background-color: rgba(0,0,0,0.8);\">\r\n                            <div class=\"ts-overlay-middle\">\r\n                                <div class=\"ts-overlay-content\">\r\n                                    <span class=\"icon icon-Signal\"><\/span>\r\n                                    <h3><a href=\"#\" title=\"Sans fil\">Sans fil<\/a><\/h3>\r\n                                    <div class=\"ts-excerpt\">Pas de bus de commande, \u00e9conomie sur la fourniture, la mise en \u0153uvre et la programmation.\n<\/div>\r\n                                                                    <\/div>\r\n                            <\/div>\r\n                        <\/div>\r\n                    <\/div>\r\n                <\/div><!--\/.ts-service-item-->\r\n                    \r\n            <\/div> <!-- \/.ts-service -->\r\n            \r\n                    \r\n                \r\n                \r\n                \r\n                \r\n                \r\n                \r\n                \r\n        [\/vc_column][vc_column offset=\u00a0\u00bbvc_col-lg-3 vc_col-md-6&Prime; css=\u00a0\u00bb.vc_custom_1433405506398{padding-bottom: 50px !important;}\u00a0\u00bb]        \r\n                \r\n                        \r\n            <div class=\"ts-service service-style-2  \">\r\n                                \r\n                <div class=\"ts-service-item\">\r\n                    <div class=\"ts-inner\">\r\n                        <img decoding=\"async\" alt=\"Service-img\" src=\"https:\/\/voltagroupe.fr\/voltalum\/wp-content\/plugins\/helmets-core\/\/assets\/images\/noimage\/no_image_transparent-540x536.png\" \/>\r\n                        <div class=\"ts-overlay\" style=\"background-color: rgba(0,0,0,0.8);\">\r\n                            <div class=\"ts-overlay-middle\">\r\n                                <div class=\"ts-overlay-content\">\r\n                                    <span class=\"icon icon-Like\"><\/span>\r\n                                    <h3><a href=\"#\" title=\"Syst\u00e8me simple et efficace\">Syst\u00e8me simple et efficace<\/a><\/h3>\r\n                                    <div class=\"ts-excerpt\">Un seul boitier \u00e0 venir connecter en p\u00e9riph\u00e9rie du luminaire. Le boitier est \u00e9quip\u00e9 d\u2019un d\u00e9tecteur grande hauteur (15m) \u00e9quip\u00e9 d\u2019un \u00e9metteur r\u00e9cepteur radio DALI.\n<\/div>\r\n                                                                    <\/div>\r\n                            <\/div>\r\n                        <\/div>\r\n                    <\/div>\r\n                <\/div><!--\/.ts-service-item-->\r\n                    \r\n            <\/div> <!-- \/.ts-service -->\r\n            \r\n                    \r\n                \r\n                \r\n                \r\n                \r\n                \r\n                \r\n                \r\n        [\/vc_column][vc_column offset=\u00a0\u00bbvc_col-lg-3 vc_col-md-6&Prime; css=\u00a0\u00bb.vc_custom_1433405515441{padding-bottom: 50px !important;}\u00a0\u00bb]        \r\n                \r\n                        \r\n            <div class=\"ts-service service-style-2  \">\r\n                                \r\n                <div class=\"ts-service-item\">\r\n                    <div class=\"ts-inner\">\r\n                        <img decoding=\"async\" alt=\"Service-img\" src=\"https:\/\/voltagroupe.fr\/voltalum\/wp-content\/plugins\/helmets-core\/\/assets\/images\/noimage\/no_image_transparent-540x536.png\" \/>\r\n                        <div class=\"ts-overlay\" style=\"background-color: rgba(0,0,0,0.8);\">\r\n                            <div class=\"ts-overlay-middle\">\r\n                                <div class=\"ts-overlay-content\">\r\n                                    <span class=\"icon icon-Notebook\"><\/span>\r\n                                    <h3><a href=\"#\" title=\"Programmation simple\">Programmation simple<\/a><\/h3>\r\n                                    <div class=\"ts-excerpt\">Les luminaires peuvent \u00eatre pilot\u00e9s en d\u00e9tection de pr\u00e9sence ou de luminosit\u00e9 seuls ou par groupe. Ils sont scann\u00e9s \u00e0 partir d\u2019un PC portable lors de la mise en \u0153uvre.\n<\/div>\r\n                                                                    <\/div>\r\n                            <\/div>\r\n                        <\/div>\r\n                    <\/div>\r\n                <\/div><!--\/.ts-service-item-->\r\n                    \r\n            <\/div> <!-- \/.ts-service -->\r\n            \r\n                    \r\n                \r\n                \r\n                \r\n                \r\n                \r\n                \r\n                \r\n        [\/vc_column][vc_column offset=\u00a0\u00bbvc_col-lg-3 vc_col-md-6&Prime; css=\u00a0\u00bb.vc_custom_1433405527322{padding-bottom: 50px !important;}\u00a0\u00bb]        \r\n                \r\n                        \r\n            <div class=\"ts-service service-style-2  \">\r\n                                \r\n                <div class=\"ts-service-item\">\r\n                    <div class=\"ts-inner\">\r\n                        <img decoding=\"async\" alt=\"Service-img\" src=\"https:\/\/voltagroupe.fr\/voltalum\/wp-content\/plugins\/helmets-core\/\/assets\/images\/noimage\/no_image_transparent-540x536.png\" \/>\r\n                        <div class=\"ts-overlay\" style=\"background-color: rgba(0,0,0,0.8);\">\r\n                            <div class=\"ts-overlay-middle\">\r\n                                <div class=\"ts-overlay-content\">\r\n                                    <span class=\"icon icon-Bulb\"><\/span>\r\n                                    <h3><a href=\"#\" title=\"Syst\u00e8me \u00e9volutif\">Syst\u00e8me \u00e9volutif<\/a><\/h3>\r\n                                    <div class=\"ts-excerpt\">Les luminaires ou les consignes peuvent \u00eatre pilot\u00e9s \u00e0 partir de l\u2019armoire de commande (marche forc\u00e9e) ou via n\u2019importe quel GTB via une interface de communication (Gateway)\n<\/div>\r\n                                                                    <\/div>\r\n                            <\/div>\r\n                        <\/div>\r\n                    <\/div>\r\n                <\/div><!--\/.ts-service-item-->\r\n                    \r\n            <\/div> <!-- \/.ts-service -->\r\n            \r\n                    \r\n                \r\n                \r\n                \r\n                \r\n                \r\n                \r\n                \r\n        [\/vc_column][vc_column]<div class=\"home-featured ts-call-to-action clearfix \" style=\"border-style: solid; border-width: 1px; border-color: #e5e5e5; border-radius: 3px; background-color: #3497b5; \"><a style=\"color: #ffffff; background-color: #404040; \" data-color=\"#ffffff\" data-bg-color=\"#404040\" data-hover-color=\"#ffffff\" data-hover-bg-color=\"#a6a6a6\" class=\"btn btn-grey ts-hover-js\" href=\"https:\/\/voltagroupe.fr\/voltalum\/contact\/\" target=\" _blank\" title=\"Nous Contacter\">Nous Contacter<\/a><p><span style=\"color: #ffffff;\">Si vous avez des questions, n\u2019h\u00e9sitez pas \u00e0 nous les poser en nous contactant !<\/span><\/p>\n<\/div><!-- \/.ts-call-to-action -->[\/vc_column][\/vc_row][vc_row el_class=\u00a0\u00bbsection\u00a0\u00bb css=\u00a0\u00bb.vc_custom_1493302720122{padding-top: 95px !important;padding-bottom: 100px !important;}\u00a0\u00bb][vc_column offset=\u00a0\u00bbvc_col-lg-3 vc_col-md-4&Prime;]        \r\n        <div class=\"section-title clearfix title-desc-style-electrician align-left   vc_custom_1493281485112 \">\r\n                                            <h2 style=\"font-size: 30px;font-weight: 700;\">Nos Clients<\/h2>\r\n                        <div class=\"title-description\"><\/div>\r\n        <\/div>\r\n        \r\n        [\/vc_column][vc_column css=\u00a0\u00bb.vc_custom_1433407366748{padding-bottom: 60px !important;}\u00a0\u00bb offset=\u00a0\u00bbvc_col-lg-9 vc_col-md-8&Prime;][vc_column_text]<span style=\"color: #3b3b3b;\">Merci aux entreprises clientes qui font confiance \u00e0 l\u2019entreprise Volta Groupe depuis plusieurs ann\u00e9es.<\/span>[\/vc_column_text][\/vc_column][vc_column]<div class=\"ts-client-slide \" data-itemslide=\"6 \" data-pagination=\"false\"><div class=\"client-item \" data-use-permalink=\"\">\r\n                \t\t\t\t\t<figure><img decoding=\"async\" src=\"https:\/\/voltagroupe.fr\/voltalum\/wp-content\/uploads\/sites\/2\/2015\/05\/segro-logo.jpg\" alt=\"Segro\" title=\"Segro\" \/><\/figure>\r\n                \t\t\t\t<\/div><div class=\"client-item \" data-use-permalink=\"\">\r\n                \t\t\t\t\t<figure><img decoding=\"async\" src=\"https:\/\/voltagroupe.fr\/voltalum\/wp-content\/uploads\/sites\/2\/2015\/05\/panhard-logo.jpg\" alt=\"PANHARD\" title=\"PANHARD\" \/><\/figure>\r\n                \t\t\t\t<\/div><div class=\"client-item \" data-use-permalink=\"\">\r\n                \t\t\t\t\t<figure><img decoding=\"async\" src=\"https:\/\/voltagroupe.fr\/voltalum\/wp-content\/uploads\/sites\/2\/2015\/05\/barjane.jpg\" alt=\"BARJANE\" title=\"BARJANE\" \/><\/figure>\r\n                \t\t\t\t<\/div><div class=\"client-item \" data-use-permalink=\"\">\r\n                \t\t\t\t\t<figure><img decoding=\"async\" src=\"https:\/\/voltagroupe.fr\/voltalum\/wp-content\/uploads\/sites\/2\/2015\/05\/sogaris.jpg\" alt=\"SOGARIS\" title=\"SOGARIS\" \/><\/figure>\r\n                \t\t\t\t<\/div><div class=\"client-item \" data-use-permalink=\"\">\r\n                \t\t\t\t\t<figure><img decoding=\"async\" src=\"https:\/\/voltagroupe.fr\/voltalum\/wp-content\/uploads\/sites\/2\/2015\/05\/prologi.jpg\" alt=\"Prologis\" title=\"Prologis\" \/><\/figure>\r\n                \t\t\t\t<\/div><div class=\"client-item \" data-use-permalink=\"\">\r\n                \t\t\t\t\t<figure><img decoding=\"async\" src=\"https:\/\/voltagroupe.fr\/voltalum\/wp-content\/uploads\/sites\/2\/2015\/05\/Goodman.jpg\" alt=\"Goodman\" title=\"Goodman\" \/><\/figure>\r\n                \t\t\t\t<\/div><\/div><!-- \/.ts-client-slide -->[\/vc_column][\/vc_row]<\/p>\n","protected":false},"excerpt":{"rendered":"<p>[vc_row][vc_column width=\u00a0\u00bb1\/4&Prime;][vc_empty_space height=\u00a0\u00bb50px\u00a0\u00bb][vc_empty_space height=\u00a0\u00bb50px\u00a0\u00bb][\/vc_column][vc_column width=\u00a0\u00bb3\/4&Prime;][vc_empty_space height=\u00a0\u00bb50px\u00a0\u00bb][vc_column_text]VOLTALUM est une soci\u00e9t\u00e9 cr\u00e9\u00e9e en 2012, elle est sp\u00e9cialis\u00e9e dans la revente de mat\u00e9riel d\u2019\u00e9clairage et des syst\u00e8mes de gestion d\u2019\u00e9clairage pour les b\u00e2timents de grande hauteur. Nous sommes le distributeur exclusif de la marque EAE Lighting pour la France. Nous disposons d\u2019une large gamme de luminaire, pour les [&hellip;]<\/p>\n","protected":false},"author":1,"featured_media":0,"parent":0,"menu_order":0,"comment_status":"open","ping_status":"closed","template":"templates\/fullwidth-template.php","meta":{"footnotes":""},"_links":{"self":[{"href":"https:\/\/voltagroupe.fr\/voltalum\/wp-json\/wp\/v2\/pages\/10"}],"collection":[{"href":"https:\/\/voltagroupe.fr\/voltalum\/wp-json\/wp\/v2\/pages"}],"about":[{"href":"https:\/\/voltagroupe.fr\/voltalum\/wp-json\/wp\/v2\/types\/page"}],"author":[{"embeddable":true,"href":"https:\/\/voltagroupe.fr\/voltalum\/wp-json\/wp\/v2\/users\/1"}],"replies":[{"embeddable":true,"href":"https:\/\/voltagroupe.fr\/voltalum\/wp-json\/wp\/v2\/comments?post=10"}],"version-history":[{"count":43,"href":"https:\/\/voltagroupe.fr\/voltalum\/wp-json\/wp\/v2\/pages\/10\/revisions"}],"predecessor-version":[{"id":2658,"href":"https:\/\/voltagroupe.fr\/voltalum\/wp-json\/wp\/v2\/pages\/10\/revisions\/2658"}],"wp:attachment":[{"href":"https:\/\/voltagroupe.fr\/voltalum\/wp-json\/wp\/v2\/media?parent=10"}],"curies":[{"name":"wp","href":"https:\/\/api.w.org\/{rel}","templated":true}]}}