{"id":2195,"date":"2017-04-27T11:38:46","date_gmt":"2017-04-27T09:38:46","guid":{"rendered":"http:\/\/voltagroupe.fr\/voltalum\/?page_id=2195"},"modified":"2018-02-03T15:28:30","modified_gmt":"2018-02-03T14:28:30","slug":"demarche","status":"publish","type":"page","link":"https:\/\/voltagroupe.fr\/voltalum\/demarche\/","title":{"rendered":"D\u00e9marche"},"content":{"rendered":"<p>[vc_row][vc_column width=\u00a0\u00bb5\/12&Prime;]<div class=\"ult-content-box-container \" >\t\t<div class=\"ult-content-box\" style=\"-webkit-transition: all 700ms ease;-moz-transition: all 700ms ease;-ms-transition: all 700ms ease;-o-transition: all 700ms ease;transition: all 700ms ease;\"    >        \r\n        <div class=\"section-title clearfix title-desc-style-plumber align-left   \">\r\n                                            <h2 style=\"font-size: 30px;font-weight: 400;\"><\/h2>\r\n                        <div class=\"title-description\"><p><span style=\"color: #3b3b3b;\">Pour des installations neuves ou pour de la r\u00e9novation, nous proposons une des solutions la plus performante et la moins \u00e9nergivore du march\u00e9 pour des applications d&rsquo;\u00e9clairage entre 4 et 45m de haut.<\/span><\/p>\n<p><span style=\"color: #3b3b3b;\">Nous apportons notre expertise et notre conseil au client afin de d\u00e9terminer avec lui la solutuion la plus adapt\u00e9e \u00e0 ses besoins en fonction de :<\/span><\/p>\n<ul>\n<li><span style=\"color: #3b3b3b;\">Son cahier des charges<\/span><\/li>\n<li><span style=\"color: #3b3b3b;\">Le contexte r\u00e9glementaire<\/span><\/li>\n<li><span style=\"color: #3b3b3b;\">Les crit\u00e8res de confort visuel<\/span><\/li>\n<li><span style=\"color: #3b3b3b;\">Les crit\u00e8res de performances<\/span><\/li>\n<li><span style=\"color: #3b3b3b;\">Les crit\u00e8res de mise en oeuvre<\/span><\/li>\n<\/ul>\n<\/div>\r\n        <\/div>\r\n        \r\n        \t\t<\/div><\/div>[\/vc_column][vc_column width=\u00a0\u00bb7\/12&Prime;]<div class=\"ult-content-box-container \" >\t\t<div class=\"ult-content-box\" style=\"-webkit-transition: all 700ms ease;-moz-transition: all 700ms ease;-ms-transition: all 700ms ease;-o-transition: all 700ms ease;transition: all 700ms ease;\"    >[vc_single_image image=\u00a0\u00bb2576&Prime; img_size=\u00a0\u00bbfull\u00a0\u00bb]\t\t<\/div><\/div>[\/vc_column][\/vc_row][vc_row][vc_column width=\u00a0\u00bb1\/2&Prime;][vc_single_image image=\u00a0\u00bb2160&Prime; img_size=\u00a0\u00bbfull\u00a0\u00bb alignment=\u00a0\u00bbcenter\u00a0\u00bb][\/vc_column][vc_column width=\u00a0\u00bb1\/2&Prime;]<div class=\"ult-content-box-container \" >\t\t<div class=\"ult-content-box\" style=\"-webkit-transition: all 700ms ease;-moz-transition: all 700ms ease;-ms-transition: all 700ms ease;-o-transition: all 700ms ease;transition: all 700ms ease;\"    >        \r\n        <div class=\"section-title clearfix title-desc-style-plumber align-left   \">\r\n                                            <h2 style=\"font-size: 30px;font-weight: 400;\"><\/h2>\r\n                        <div class=\"title-description\"><p><span style=\"color: #3b3b3b;\">Dans le cas d&rsquo;un installation d\u00e9j\u00e0 existante, nous nous d\u00e9pla\u00e7ons sur site afin de :<\/span><\/p>\n<ul>\n<li><span style=\"color: #3b3b3b;\">Identifier les mat\u00e9riels d&rsquo;\u00e9clairage<\/span><\/li>\n<li><span style=\"color: #3b3b3b;\">Rep\u00e9rer les probl\u00e8mes de qualit\u00e9 d&rsquo;\u00e9clairage<\/span><\/li>\n<li><span style=\"color: #3b3b3b;\">Prendre des mesures sur site<\/span><\/li>\n<li><span style=\"color: #3b3b3b;\">Evaluer les contraintes li\u00e9es aux travaux<\/span><\/li>\n<\/ul>\n<p>&nbsp;<\/p>\n<p><span style=\"color: #3b3b3b;\">Nous proposons \u00e9galement ensuite la solution la mieux adapt\u00e9e en fournissant au client :<\/span><\/p>\n<ul>\n<li><span style=\"color: #3b3b3b;\">Une \u00e9tude d&rsquo;\u00e9clairage<\/span><\/li>\n<li><span style=\"color: #3b3b3b;\">La d\u00e9termination de ses co\u00fbts d&rsquo;exploitation<\/span><\/li>\n<li><span style=\"color: #3b3b3b;\">La d\u00e9termination de son retour sur investissement<\/span><\/li>\n<\/ul>\n<\/div>\r\n        <\/div>\r\n        \r\n        \t\t<\/div><\/div>[\/vc_column][\/vc_row][vc_row][vc_column]<div class=\"ts-client-slide \" data-itemslide=\"6 \" data-pagination=\"false\"><div class=\"client-item \" data-use-permalink=\"\">\r\n                \t\t\t\t\t<figure><img decoding=\"async\" src=\"https:\/\/voltagroupe.fr\/voltalum\/wp-content\/uploads\/sites\/2\/2018\/01\/tertiaire-et-logistique.jpg\" alt=\"Tertiaire et Logistique\" title=\"Tertiaire et Logistique\" \/><\/figure>\r\n                \t\t\t\t<\/div><div class=\"client-item \" data-use-permalink=\"\">\r\n                \t\t\t\t\t<figure><img decoding=\"async\" src=\"https:\/\/voltagroupe.fr\/voltalum\/wp-content\/uploads\/sites\/2\/2018\/01\/beg.jpg\" alt=\"BEG\" title=\"BEG\" \/><\/figure>\r\n                \t\t\t\t<\/div><div class=\"client-item \" data-use-permalink=\"\">\r\n                \t\t\t\t\t<figure><img decoding=\"async\" src=\"https:\/\/voltagroupe.fr\/voltalum\/wp-content\/uploads\/sites\/2\/2018\/01\/logo_idec.jpg\" alt=\"IDEC\" title=\"IDEC\" \/><\/figure>\r\n                \t\t\t\t<\/div><div class=\"client-item \" data-use-permalink=\"\">\r\n                \t\t\t\t\t<figure><img decoding=\"async\" src=\"https:\/\/voltagroupe.fr\/voltalum\/wp-content\/uploads\/sites\/2\/2018\/01\/GSE-Logo-2016.jpg\" alt=\"GSE\" title=\"GSE\" \/><\/figure>\r\n                \t\t\t\t<\/div><div class=\"client-item \" data-use-permalink=\"\">\r\n                \t\t\t\t\t<figure><img decoding=\"async\" src=\"https:\/\/voltagroupe.fr\/voltalum\/wp-content\/uploads\/sites\/2\/2018\/01\/logo-ga.jpg\" alt=\"GA\" title=\"GA\" \/><\/figure>\r\n                \t\t\t\t<\/div><div class=\"client-item \" data-use-permalink=\"\">\r\n                \t\t\t\t\t<figure><img decoding=\"async\" src=\"https:\/\/voltagroupe.fr\/voltalum\/wp-content\/uploads\/sites\/2\/2018\/01\/Logo-Legendre.jpg\" alt=\"Legendre\" title=\"Legendre\" \/><\/figure>\r\n                \t\t\t\t<\/div><\/div><!-- \/.ts-client-slide -->[\/vc_column][\/vc_row]<\/p>\n","protected":false},"excerpt":{"rendered":"<p>[vc_row][vc_column width=\u00a0\u00bb5\/12&Prime;][\/vc_column][vc_column width=\u00a0\u00bb7\/12&Prime;][\/vc_column][\/vc_row][vc_row][vc_column width=\u00a0\u00bb1\/2&Prime;][vc_single_image image=\u00a0\u00bb2160&Prime; img_size=\u00a0\u00bbfull\u00a0\u00bb alignment=\u00a0\u00bbcenter\u00a0\u00bb][\/vc_column][vc_column width=\u00a0\u00bb1\/2&Prime;][\/vc_column][\/vc_row][vc_row][vc_column][\/vc_column][\/vc_row]<\/p>\n","protected":false},"author":1,"featured_media":0,"parent":0,"menu_order":0,"comment_status":"closed","ping_status":"closed","template":"","meta":{"footnotes":""},"_links":{"self":[{"href":"https:\/\/voltagroupe.fr\/voltalum\/wp-json\/wp\/v2\/pages\/2195"}],"collection":[{"href":"https:\/\/voltagroupe.fr\/voltalum\/wp-json\/wp\/v2\/pages"}],"about":[{"href":"https:\/\/voltagroupe.fr\/voltalum\/wp-json\/wp\/v2\/types\/page"}],"author":[{"embeddable":true,"href":"https:\/\/voltagroupe.fr\/voltalum\/wp-json\/wp\/v2\/users\/1"}],"replies":[{"embeddable":true,"href":"https:\/\/voltagroupe.fr\/voltalum\/wp-json\/wp\/v2\/comments?post=2195"}],"version-history":[{"count":17,"href":"https:\/\/voltagroupe.fr\/voltalum\/wp-json\/wp\/v2\/pages\/2195\/revisions"}],"predecessor-version":[{"id":2585,"href":"https:\/\/voltagroupe.fr\/voltalum\/wp-json\/wp\/v2\/pages\/2195\/revisions\/2585"}],"wp:attachment":[{"href":"https:\/\/voltagroupe.fr\/voltalum\/wp-json\/wp\/v2\/media?parent=2195"}],"curies":[{"name":"wp","href":"https:\/\/api.w.org\/{rel}","templated":true}]}}