{"id":2197,"date":"2017-04-27T11:42:39","date_gmt":"2017-04-27T09:42:39","guid":{"rendered":"http:\/\/voltagroupe.fr\/voltalum\/?page_id=2197"},"modified":"2023-10-06T12:10:23","modified_gmt":"2023-10-06T10:10:23","slug":"produits","status":"publish","type":"page","link":"https:\/\/voltagroupe.fr\/voltalum\/produits\/","title":{"rendered":"Produits"},"content":{"rendered":"<p>[vc_row][vc_column width=\u00a0\u00bb1\/3&Prime;]        \r\n        <div class=\"section-title clearfix title-desc-style-electrician align-left   \">\r\n                                            <h2 style=\"font-size: 30px;font-weight: 700;\">Nos Produits<\/h2>\r\n                        <div class=\"title-description\"><\/div>\r\n        <\/div>\r\n        \r\n        [\/vc_column][vc_column width=\u00a0\u00bb2\/3&Prime;][vc_column_text]<span style=\"color: #3b3b3b;\">D\u00e9couvrez les produits que nous vous proposons pour vos divers projets.<\/span>[\/vc_column_text][\/vc_column][\/vc_row][vc_row][vc_column width=\u00a0\u00bb1\/3&Prime;]<div class=\"ult-content-box-container \" >\t\t<div class=\"ult-content-box\" style=\"-webkit-transition: all 700ms ease;-moz-transition: all 700ms ease;-ms-transition: all 700ms ease;-o-transition: all 700ms ease;transition: all 700ms ease;\"    >[vc_single_image image=\u00a0\u00bb2266&Prime; img_size=\u00a0\u00bbfull\u00a0\u00bb alignment=\u00a0\u00bbcenter\u00a0\u00bb onclick=\u00a0\u00bbcustom_link\u00a0\u00bb link=\u00a0\u00bbhttps:\/\/voltagroupe.fr\/voltalum\/produits\/revoled\/\u00a0\u00bb]        \r\n        <div class=\"section-title clearfix title-desc-style-plumber align-center   \">\r\n                                            <h2 style=\"font-size: 30px;font-weight: 400;\">REVOLED<\/h2>\r\n                        <div class=\"title-description\"><p><span style=\"color: #000000;\">La gamme <a href=\"https:\/\/voltagroupe.fr\/voltalum\/produits\/revoled\">REVOLED<\/a> est id\u00e9ale pour l\u2019\u00e9clairage de b\u00e2timents industriels. Pour des hauteurs jusqu\u2019\u00e0 8m, des zones ouvertes<\/span><\/p>\n<\/div>\r\n        <\/div>\r\n        \r\n        [vc_single_image image=\u00a0\u00bb2580&Prime; img_size=\u00a0\u00bbfull\u00a0\u00bb alignment=\u00a0\u00bbcenter\u00a0\u00bb onclick=\u00a0\u00bbcustom_link\u00a0\u00bb link=\u00a0\u00bbhttps:\/\/voltagroupe.fr\/voltalum\/produits\/lina-etanche\/\u00a0\u00bb]        \r\n        <div class=\"section-title clearfix title-desc-style-plumber align-center   \">\r\n                                            <h2 style=\"font-size: 30px;font-weight: 400;\">LINA<\/h2>\r\n                        <div class=\"title-description\"><p>Le luminaire <a href=\"https:\/\/voltagroupe.fr\/voltalum\/produits\/lina-etanche\/\">LINA ETANCHE<\/a> est destin\u00e9 aux parking comme aux locaux techniques ou aux locaux humides<\/p>\n<\/div>\r\n        <\/div>\r\n        \r\n        \t\t<\/div><\/div>[\/vc_column][vc_column width=\u00a0\u00bb1\/3&Prime;]<div class=\"ult-content-box-container \" >\t\t<div class=\"ult-content-box\" style=\"-webkit-transition: all 700ms ease;-moz-transition: all 700ms ease;-ms-transition: all 700ms ease;-o-transition: all 700ms ease;transition: all 700ms ease;\"    >[vc_single_image image=\u00a0\u00bb2268&Prime; img_size=\u00a0\u00bbfull\u00a0\u00bb alignment=\u00a0\u00bbcenter\u00a0\u00bb onclick=\u00a0\u00bbcustom_link\u00a0\u00bb link=\u00a0\u00bbhttps:\/\/voltagroupe.fr\/voltalum\/produits\/sround\/\u00a0\u00bb]        \r\n        <div class=\"section-title clearfix title-desc-style-plumber align-center   \">\r\n                                            <h2 style=\"font-size: 30px;font-weight: 400;\">SROUND<\/h2>\r\n                        <div class=\"title-description\"><p><span style=\"color: #000000;\">La gamme <a href=\"https:\/\/voltagroupe.fr\/voltalum\/produits\/sround\">SROUND<\/a> est id\u00e9ale pour des hauteurs de plus de 10m, intensifs ou extensifs pour des b\u00e2timents industriels et logistiques.<\/span><\/p>\n<\/div>\r\n        <\/div>\r\n        \r\n        [vc_single_image image=\u00a0\u00bb2267&Prime; img_size=\u00a0\u00bbfull\u00a0\u00bb alignment=\u00a0\u00bbcenter\u00a0\u00bb]        \r\n        <div class=\"section-title clearfix title-desc-style-plumber align-center   \">\r\n                                            <h2 style=\"font-size: 30px;font-weight: 400;\">ROTANO<\/h2>\r\n                        <div class=\"title-description\"><p><span style=\"color: #000000;\">Les luminaires ROTANO \u00e9clairent parking et voierie en p\u00e9riph\u00e9rie des b\u00e2timents.<\/span><\/p>\n<\/div>\r\n        <\/div>\r\n        \r\n        \t\t<\/div><\/div>[\/vc_column][vc_column width=\u00a0\u00bb1\/3&Prime;]<div class=\"ult-content-box-container \" >\t\t<div class=\"ult-content-box\" style=\"-webkit-transition: all 700ms ease;-moz-transition: all 700ms ease;-ms-transition: all 700ms ease;-o-transition: all 700ms ease;transition: all 700ms ease;\"    >[vc_single_image image=\u00a0\u00bb2269&Prime; img_size=\u00a0\u00bbfull\u00a0\u00bb alignment=\u00a0\u00bbcenter\u00a0\u00bb onclick=\u00a0\u00bbcustom_link\u00a0\u00bb link=\u00a0\u00bbhttps:\/\/voltagroupe.fr\/voltalum\/produits\/prolit\u00a0\u00bb]\t\t<\/div><\/div>[\/vc_column][vc_column width=\u00a0\u00bb1\/3&Prime;]<div class=\"ult-content-box-container \" >\t\t<div class=\"ult-content-box\" style=\"-webkit-transition: all 700ms ease;-moz-transition: all 700ms ease;-ms-transition: all 700ms ease;-o-transition: all 700ms ease;transition: all 700ms ease;\"    >        \r\n        <div class=\"section-title clearfix title-desc-style-plumber align-center   \">\r\n                                            <h2 style=\"font-size: 30px;font-weight: 400;\">PROLIT EKO<\/h2>\r\n                        <div class=\"title-description\"><p><span style=\"color: #000000;\">Les projecteurs <a href=\"https:\/\/voltagroupe.fr\/voltalum\/produits\/prolit\">PROLIT EKO<\/a> se montent au sol ou sur des acrot\u00e8res pour \u00e9clairer fa\u00e7ades et parking.<\/span><\/p>\n<\/div>\r\n        <\/div>\r\n        \r\n        \t\t<\/div><\/div>[\/vc_column][vc_column width=\u00a0\u00bb1\/3&Prime;]<div class=\"ult-content-box-container \" >\t\t<div class=\"ult-content-box\" style=\"-webkit-transition: all 700ms ease;-moz-transition: all 700ms ease;-ms-transition: all 700ms ease;-o-transition: all 700ms ease;transition: all 700ms ease;\"    >[vc_single_image image=\u00a0\u00bb2581&Prime; img_size=\u00a0\u00bbfull\u00a0\u00bb alignment=\u00a0\u00bbcenter\u00a0\u00bb onclick=\u00a0\u00bbcustom_link\u00a0\u00bb link=\u00a0\u00bbhttps:\/\/voltagroupe.fr\/voltalum\/produits\/arktos\/\u00a0\u00bb]        \r\n        <div class=\"section-title clearfix title-desc-style-plumber align-center   \">\r\n                                            <h2 style=\"font-size: 30px;font-weight: 400;\">ARKTOS<\/h2>\r\n                        <div class=\"title-description\"><p><span style=\"color: #000000;\">\u00a0Le luminaire <a href=\"https:\/\/voltagroupe.fr\/voltalum\/produits\/arktos\/\">ARKTOS<\/a> \u00e9claire les parking ext\u00e9rieurs avec un minimum d\u2019\u00e9nergie et un maximum de confort.<\/span><\/p>\n<\/div>\r\n        <\/div>\r\n        \r\n        \t\t<\/div><\/div>[\/vc_column][vc_column width=\u00a0\u00bb1\/3&Prime;]<div class=\"ult-content-box-container \" >\t\t<div class=\"ult-content-box\" style=\"-webkit-transition: all 700ms ease;-moz-transition: all 700ms ease;-ms-transition: all 700ms ease;-o-transition: all 700ms ease;transition: all 700ms ease;\"    >\t\t<\/div><\/div>[\/vc_column][vc_column][vc_btn title=\u00a0\u00bbD\u00e9couvrez OPTILUM: gestion d&rsquo;\u00e9clairage sans fil\u00a0\u00bb style=\u00a0\u00bb3d\u00a0\u00bb color=\u00a0\u00bbsky\u00a0\u00bb size=\u00a0\u00bblg\u00a0\u00bb align=\u00a0\u00bbcenter\u00a0\u00bb button_block=\u00a0\u00bbtrue\u00a0\u00bb link=\u00a0\u00bburl:https%3A%2F%2Fvoltagroupe.fr%2Fvoltalum%2Foptilum%2F|||\u00a0\u00bb][\/vc_column][\/vc_row][vc_row][vc_column]<div class=\"ts-client-slide \" data-itemslide=\"6 \" data-pagination=\"false\"><div class=\"client-item \" data-use-permalink=\"\">\r\n                \t\t\t\t\t<figure><img decoding=\"async\" src=\"https:\/\/voltagroupe.fr\/voltalum\/wp-content\/uploads\/sites\/2\/2015\/05\/LogoAuchan.png\" alt=\"Auchan\" title=\"Auchan\" \/><\/figure>\r\n                \t\t\t\t<\/div><div class=\"client-item \" data-use-permalink=\"\">\r\n                \t\t\t\t\t<figure><img decoding=\"async\" src=\"https:\/\/voltagroupe.fr\/voltalum\/wp-content\/uploads\/sites\/2\/2018\/01\/lidl.jpg\" alt=\"LIDL\" title=\"LIDL\" \/><\/figure>\r\n                \t\t\t\t<\/div><div class=\"client-item \" data-use-permalink=\"\">\r\n                \t\t\t\t\t<figure><img decoding=\"async\" src=\"https:\/\/voltagroupe.fr\/voltalum\/wp-content\/uploads\/sites\/2\/2015\/05\/LogoCarrefour.png\" alt=\"Carrefour\" title=\"Carrefour\" \/><\/figure>\r\n                \t\t\t\t<\/div><div class=\"client-item \" data-use-permalink=\"\">\r\n                \t\t\t\t\t<figure><img decoding=\"async\" src=\"https:\/\/voltagroupe.fr\/voltalum\/wp-content\/uploads\/sites\/2\/2018\/01\/action-logo.jpg\" alt=\"ACTION\" title=\"ACTION\" \/><\/figure>\r\n                \t\t\t\t<\/div><div class=\"client-item \" data-use-permalink=\"\">\r\n                \t\t\t\t\t<figure><img decoding=\"async\" src=\"https:\/\/voltagroupe.fr\/voltalum\/wp-content\/uploads\/sites\/2\/2018\/01\/babou_old.jpg\" alt=\"BABOU\" title=\"BABOU\" \/><\/figure>\r\n                \t\t\t\t<\/div><div class=\"client-item \" data-use-permalink=\"\">\r\n                \t\t\t\t\t<figure><img decoding=\"async\" src=\"https:\/\/voltagroupe.fr\/voltalum\/wp-content\/uploads\/sites\/2\/2015\/05\/LogoLeclerc.png\" alt=\"LECLERC\" title=\"LECLERC\" \/><\/figure>\r\n                \t\t\t\t<\/div><div class=\"client-item \" data-use-permalink=\"\">\r\n                \t\t\t\t\t<figure><img decoding=\"async\" src=\"https:\/\/voltagroupe.fr\/voltalum\/wp-content\/uploads\/sites\/2\/2015\/05\/LogoCarrefour.png\" alt=\"CARREFOUR\" title=\"CARREFOUR\" \/><\/figure>\r\n                \t\t\t\t<\/div><\/div><!-- \/.ts-client-slide -->[\/vc_column][\/vc_row]<\/p>\n","protected":false},"excerpt":{"rendered":"<p>[vc_row][vc_column width=\u00a0\u00bb1\/3&Prime;][\/vc_column][vc_column width=\u00a0\u00bb2\/3&Prime;][vc_column_text]D\u00e9couvrez les produits que nous vous proposons pour vos divers projets.[\/vc_column_text][\/vc_column][\/vc_row][vc_row][vc_column width=\u00a0\u00bb1\/3&Prime;][\/vc_column][vc_column width=\u00a0\u00bb1\/3&Prime;][\/vc_column][vc_column width=\u00a0\u00bb1\/3&Prime;][\/vc_column][vc_column width=\u00a0\u00bb1\/3&Prime;][\/vc_column][vc_column width=\u00a0\u00bb1\/3&Prime;][\/vc_column][vc_column width=\u00a0\u00bb1\/3&Prime;][\/vc_column][vc_column][vc_btn title=\u00a0\u00bbD\u00e9couvrez OPTILUM: gestion d&rsquo;\u00e9clairage sans fil\u00a0\u00bb style=\u00a0\u00bb3d\u00a0\u00bb color=\u00a0\u00bbsky\u00a0\u00bb size=\u00a0\u00bblg\u00a0\u00bb align=\u00a0\u00bbcenter\u00a0\u00bb button_block=\u00a0\u00bbtrue\u00a0\u00bb link=\u00a0\u00bburl:https%3A%2F%2Fvoltagroupe.fr%2Fvoltalum%2Foptilum%2F|||\u00a0\u00bb][\/vc_column][\/vc_row][vc_row][vc_column][\/vc_column][\/vc_row]<\/p>\n","protected":false},"author":1,"featured_media":0,"parent":0,"menu_order":0,"comment_status":"closed","ping_status":"closed","template":"","meta":{"footnotes":""},"_links":{"self":[{"href":"https:\/\/voltagroupe.fr\/voltalum\/wp-json\/wp\/v2\/pages\/2197"}],"collection":[{"href":"https:\/\/voltagroupe.fr\/voltalum\/wp-json\/wp\/v2\/pages"}],"about":[{"href":"https:\/\/voltagroupe.fr\/voltalum\/wp-json\/wp\/v2\/types\/page"}],"author":[{"embeddable":true,"href":"https:\/\/voltagroupe.fr\/voltalum\/wp-json\/wp\/v2\/users\/1"}],"replies":[{"embeddable":true,"href":"https:\/\/voltagroupe.fr\/voltalum\/wp-json\/wp\/v2\/comments?post=2197"}],"version-history":[{"count":27,"href":"https:\/\/voltagroupe.fr\/voltalum\/wp-json\/wp\/v2\/pages\/2197\/revisions"}],"predecessor-version":[{"id":2660,"href":"https:\/\/voltagroupe.fr\/voltalum\/wp-json\/wp\/v2\/pages\/2197\/revisions\/2660"}],"wp:attachment":[{"href":"https:\/\/voltagroupe.fr\/voltalum\/wp-json\/wp\/v2\/media?parent=2197"}],"curies":[{"name":"wp","href":"https:\/\/api.w.org\/{rel}","templated":true}]}}