{"id":2409,"date":"2018-01-30T01:39:06","date_gmt":"2018-01-30T00:39:06","guid":{"rendered":"http:\/\/voltagroupe.fr\/voltalum\/?page_id=2409"},"modified":"2018-02-22T12:18:51","modified_gmt":"2018-02-22T11:18:51","slug":"revoled","status":"publish","type":"page","link":"https:\/\/voltagroupe.fr\/voltalum\/produits\/revoled\/","title":{"rendered":"REVOLED"},"content":{"rendered":"<p>[vc_row][vc_column width=\u00a0\u00bb7\/12&Prime;][vc_single_image image=\u00a0\u00bb2266&Prime; img_size=\u00a0\u00bbfull\u00a0\u00bb alignment=\u00a0\u00bbcenter\u00a0\u00bb][\/vc_column][vc_column width=\u00a0\u00bb5\/12&Prime;][vc_column_text]<\/p>\n<h2><span style=\"color: #000000;\">REVOLED-S<\/span><\/h2>\n<h3><span style=\"color: #000000;\">ARENA (60\u00b0) &#8211; LOWBAY(90\u00b0)<\/span><\/h3>\n<p><span style=\"color: #000000;\">Luminaire Grande Hauteur<\/span><\/p>\n<p><span style=\"color: #000000;\">Le luminaire Revoled-S a \u00e9t\u00e9 con\u00e7u pour r\u00e9pondre aux contraintes industrielles, gr\u00e2ce au design de son corps en Aluminium, \u00e0 la forme de ses r\u00e9flecteurs ou au choix des LED qui l\u2019\u00e9quipent. Revoled-S est le produit qui s\u2019adaptera le mieux pour tous type d\u2019application pour des hauteurs de montage moyenne ou haute, de l\u2019industrie agro-alimentaire \u00e0 l\u2019industrie automobile, cette gamme de produit offrira de nombreux avantages comme, \u00e9conomie d&rsquo;\u00e9nergie, facilit\u00e9 de maintenance, longue dur\u00e9e de vie, s\u00e9curit\u00e9 et robustesse&#8230;<\/span><\/p>\n<p><span style=\"color: #000000;\"><strong><u><b>Caract\u00e9ristiques techniques<\/b><\/u><\/strong><\/span><\/p>\n<p><span style=\"color: #000000;\">Corps\u00a0: Profil Aluminium extrud\u00e9<\/span><\/p>\n<p><span style=\"color: #000000;\">Optique\u00a0: R\u00e9flecteur en Aluminium anodis\u00e9 MIRO<\/span><\/p>\n<p><span style=\"color: #000000;\">Diffuseur\u00a0: Verre tremp\u00e9 recouvert d\u2019un film \u00e9lectro-statique<\/span><\/p>\n<p><span style=\"color: #000000;\">Source\u00a0: LED SMD<\/span><\/p>\n<p>[\/vc_column_text][\/vc_column][\/vc_row][vc_row][vc_column width=\u00a0\u00bb1\/2&Prime;][vc_column_text]<span style=\"color: #000000;\">Puissance\u00a0:<\/span><\/p>\n<p><span style=\"color: #000000;\">Arena 40W \u00a0\/ \u00a071W \u00a0\/ \u00a0112W \u00a0\/ \u00a0139W<\/span><\/p>\n<p><span style=\"color: #000000;\">Lowbay 40W \u00a0\/ \u00a068W \u00a0\/ \u00a0110W \u00a0\/ \u00a0140W<\/span><\/p>\n<p><span style=\"color: #000000;\">Flux lumineux\u00a0:<\/span><\/p>\n<p><span style=\"color: #000000;\">Arena 5\u00a0194lm\u00a0\/ 9\u00a0668lm \/ 14\u00a0974lm \/ 18\u00a0984lm<\/span><\/p>\n<p><span style=\"color: #000000;\">Lowbay 5\u00a0378lm \/ 9\u00a0459lm \/ 15\u00a0332lm \/ 19\u00a0439lm<\/span><\/p>\n<p><span style=\"color: #000000;\">Alimentation\u00a0: 220-240V AC 50\/60Hz<\/span><\/p>\n<p>[\/vc_column_text][\/vc_column][vc_column width=\u00a0\u00bb1\/2&Prime;][vc_column_text]<span style=\"color: #000000;\">Temp\u00e9rature<\/span><\/p>\n<p><span style=\"color: #000000;\">De couleur\u00a0: 4000\u00b0K \/ 5000\u00b0K \/ 5700\u00b0K<\/span><\/p>\n<p><span style=\"color: #000000;\">IRC\u00a0: &gt;80<\/span><\/p>\n<p><span style=\"color: #000000;\">IP\u00a0: IP65<\/span><\/p>\n<p><span style=\"color: #000000;\">Installation\u00a0: suspendu\u00a0\/ saillie<\/span><\/p>\n<p><span style=\"color: #000000;\">Couleur\u00a0: RAL 9006<\/span><\/p>\n<p><span style=\"color: #000000;\"><strong><u><b>Options\u00a0<\/b><\/u><\/strong> DALI \/ 0-10V<\/span><\/p>\n<p><span style=\"color: #000000;\"><strong><u><b>Courbe Photom\u00e9trique<\/b><\/u><\/strong><\/span><\/p>\n<p><span style=\"color: #000000;\"><strong><u><b>Dimensions<\/b><\/u><\/strong><\/span><\/p>\n<p><span style=\"color: #000000;\"><strong><u><b>R\u00e9f\u00e9rences<\/b><\/u><\/strong><\/span>[\/vc_column_text][\/vc_column][\/vc_row][vc_row][vc_column][vc_separator][\/vc_column][\/vc_row][vc_row][vc_column width=\u00a0\u00bb1\/2&Prime;][vc_column_text]<\/p>\n<h2><span style=\"color: #000000;\">REVOLED-S<\/span><\/h2>\n<h3><span style=\"color: #000000;\">RAF<\/span><\/h3>\n<p><span style=\"color: #000000;\">Luminaire Grande Hauteur<\/span><\/p>\n<p><span style=\"color: #000000;\">Le luminaire Revoled-S a \u00e9t\u00e9 con\u00e7u pour r\u00e9pondre aux contraintes industrielles, gr\u00e2ce au design de son corps en Aluminium, \u00e0 la forme de ses r\u00e9flecteurs ou au choix des LED qui l\u2019\u00e9quipent. Revoled-S RAF est le produit qui s\u2019adaptera le mieux pour l\u2019\u00e9clairage des \u00e9troit des zones de rayonnage<\/span><\/p>\n<p><span style=\"color: #000000;\"><strong><u><b>Caract\u00e9ristiques techniques<\/b><\/u><\/strong><\/span><\/p>\n<p><span style=\"color: #000000;\">Corps\u00a0: Profil Aluminium extrud\u00e9<\/span><\/p>\n<p><span style=\"color: #000000;\">Optique\u00a0: R\u00e9flecteur en Aluminium anodis\u00e9 MIRO<\/span><\/p>\n<p><span style=\"color: #000000;\">Diffuseur\u00a0: Verre tremp\u00e9 recouvert d\u2019un film \u00e9lectro-statique<\/span><\/p>\n<p><span style=\"color: #000000;\">Source\u00a0: LED SMD<\/span><\/p>\n<p><span style=\"color: #000000;\">Puissance\u00a0:<\/span><\/p>\n<p><span style=\"color: #000000;\">Arena 40W \u00a0\/ \u00a071W \u00a0\/ \u00a0112W \u00a0\/ \u00a0139W<\/span><\/p>\n<p><span style=\"color: #000000;\">Lowbay 40W \u00a0\/ \u00a068W \u00a0\/ \u00a0110W \u00a0\/ \u00a0140W<\/span><\/p>\n<p><span style=\"color: #000000;\">Raf 47W \u00a0\/ \u00a057W \u00a0\/ \u00a074W \u00a0\/ \u00a087W \u00a0\/ \u00a0126W<\/span><\/p>\n<p><span style=\"color: #000000;\">Flux lumineux\u00a0:<\/span><\/p>\n<p><span style=\"color: #000000;\">Arena 5\u00a0194lm\u00a0\/ 9\u00a0668lm \/ 14\u00a0974lm \/ 18\u00a0984lm<\/span><\/p>\n<p><span style=\"color: #000000;\">Lowbay 5\u00a0378lm \/ 9\u00a0459lm \/ 15\u00a0332lm \/ 19\u00a0439lm<\/span><\/p>\n<p><span style=\"color: #000000;\">Raf 6\u00a0072lm \/ 7\u00a0212lm \/ 9\u00a0131lm \/ 11\u00a0053lm \/ 15\u00a0669lm<\/span><\/p>\n<p><span style=\"color: #000000;\">Alimentation\u00a0: 220-240V AC 50\/60Hz<\/span>[\/vc_column_text][\/vc_column][vc_column width=\u00a0\u00bb1\/2&Prime;][vc_single_image image=\u00a0\u00bb2266&Prime; img_size=\u00a0\u00bbfull\u00a0\u00bb][\/vc_column][\/vc_row][vc_row][vc_column width=\u00a0\u00bb1\/2&Prime;][vc_column_text]<span style=\"color: #000000;\">Temp\u00e9rature<\/span><\/p>\n<p><span style=\"color: #000000;\">De couleur\u00a0: 4000\u00b0K \/ 5000\u00b0K \/ 5700\u00b0K<\/span><\/p>\n<p><span style=\"color: #000000;\">IRC\u00a0: &gt;80<\/span><\/p>\n<p><span style=\"color: #000000;\">IP\u00a0: IP65<\/span><\/p>\n<p><span style=\"color: #000000;\">Installation\u00a0: suspendu\u00a0\/ saillie<\/span><\/p>\n<p><span style=\"color: #000000;\">Couleur\u00a0: RAL 9006<\/span>[\/vc_column_text][\/vc_column][vc_column width=\u00a0\u00bb1\/2&Prime;][vc_column_text]<span style=\"color: #000000;\"><strong><u><b>Options\u00a0<\/b><\/u><\/strong> DALI \/ 0-10V<\/span><\/p>\n<p><span style=\"color: #000000;\"><strong><u><b>Courbe Photom\u00e9trique<\/b><\/u><\/strong><\/span><\/p>\n<p><span style=\"color: #000000;\"><strong><u><b>Dimensions<\/b><\/u><\/strong><\/span><\/p>\n<p><span style=\"color: #000000;\"><strong><u><b>R\u00e9f\u00e9rences<\/b><\/u><\/strong><\/span>[\/vc_column_text][\/vc_column][\/vc_row][vc_row][vc_column][vc_separator][\/vc_column][\/vc_row][vc_row][vc_column width=\u00a0\u00bb1\/2&Prime;][vc_single_image image=\u00a0\u00bb2266&Prime; img_size=\u00a0\u00bbfull\u00a0\u00bb][\/vc_column][vc_column width=\u00a0\u00bb1\/2&Prime;][vc_column_text]<\/p>\n<h2><span style=\"color: #000000;\">REVOLED-S INDUSTRIE<br \/>\n<\/span><\/h2>\n<h3><span style=\"color: #000000;\">ARENA (60\u00b0) \u2013 LOWBAY (90\u00b0) &#8211; RAF<br \/>\nPlage de temp\u00e9rature ambiante de fonctionnement -40\u00b0C +60\u00b0C<br \/>\n<\/span><\/h3>\n<p><span style=\"color: #000000;\">Luminaire Grande Hauteur<\/span><\/p>\n<p><span style=\"color: #000000;\">Le luminaire Revoled-S INDUSTRIE est destin\u00e9 aux contraintes rudes o\u00f9 les temp\u00e9ratures ambiantes sont extr\u00eames froides ou chaudes comme l\u2019industries sid\u00e9rurgique ou des verreries<\/span><\/p>\n<p><span style=\"color: #000000;\"><strong><u><b>Caract\u00e9ristiques techniques<\/b><\/u><\/strong><\/span><\/p>\n<p><span style=\"color: #000000;\">Corps\u00a0: Profil Aluminium extrud\u00e9<\/span><\/p>\n<p><span style=\"color: #000000;\">Optique\u00a0: R\u00e9flecteur en Aluminium anodis\u00e9 MIRO<\/span><\/p>\n<p><span style=\"color: #000000;\">Diffuseur\u00a0: Verre tremp\u00e9 recouvert d\u2019un film \u00e9lectro-statique<\/span><\/p>\n<p><span style=\"color: #000000;\">Source\u00a0: LED SMD<\/span><\/p>\n<p><span style=\"color: #000000;\">Puissance\u00a0: 47W \u00a0\/ \u00a057W \u00a0\/ \u00a074W \u00a0\/ \u00a087W \u00a0\/ \u00a0128W<\/span><\/p>\n<p><span style=\"color: #000000;\">Flux lumineux\u00a0: 6\u00a0072lm \/ 7\u00a0212lm \/ 9\u00a0131lm \/ 11\u00a0053lm<\/span><\/p>\n<p><span style=\"color: #000000;\">Alimentation\u00a0: 220-240V AC 50\/60Hz<\/span>[\/vc_column_text][\/vc_column][\/vc_row][vc_row][vc_column width=\u00a0\u00bb1\/2&Prime;][vc_column_text]<span style=\"color: #000000;\">Temp\u00e9rature<\/span><\/p>\n<p><span style=\"color: #000000;\">De couleur\u00a0: 4000\u00b0K \/ 5000\u00b0K \/ 5700\u00b0K<\/span><\/p>\n<p><span style=\"color: #000000;\">IRC\u00a0: &gt;80<\/span><\/p>\n<p><span style=\"color: #000000;\">IP\u00a0: IP65<\/span><\/p>\n<p><span style=\"color: #000000;\">Installation\u00a0: suspendu\u00a0\/ saillie<\/span><\/p>\n<p><span style=\"color: #000000;\">Couleur\u00a0: RAL 9006<\/span><\/p>\n<p>[\/vc_column_text][\/vc_column][vc_column width=\u00a0\u00bb1\/2&Prime;][vc_column_text]<span style=\"color: #000000;\"><strong><u><b>Options\u00a0<\/b><\/u><\/strong> DALI \/ 0-10V<\/span><\/p>\n<p><span style=\"color: #000000;\"><strong><u><b>Courbe Photom\u00e9trique<\/b><\/u><\/strong><\/span><\/p>\n<p><span style=\"color: #000000;\"><strong><u><b>Dimensions<\/b><\/u><\/strong><\/span><\/p>\n<p><span style=\"color: #000000;\"><strong><u><b>R\u00e9f\u00e9rences<\/b><\/u><\/strong><\/span>[\/vc_column_text][\/vc_column][\/vc_row][vc_row][vc_column][vc_separator][\/vc_column][\/vc_row][vc_row][vc_column width=\u00a0\u00bb1\/2&Prime;][vc_column_text]<\/p>\n<h2><span style=\"color: #000000;\">REVOLED-S SC<\/span><\/h2>\n<h3><span style=\"color: #000000;\">LOWBAY (90\u00b0)<\/span><\/h3>\n<p>&nbsp;<\/p>\n<p><span style=\"color: #000000;\">Luminaire Grande Hauteur<\/span><\/p>\n<p><span style=\"color: #000000;\">Le luminaire Revoled-S SC a \u00e9t\u00e9 con\u00e7u pour r\u00e9pondre aux contraintes industrielles, gr\u00e2ce au design de son corps en Aluminium, \u00e0 la forme de ses r\u00e9flecteurs ou au choix des LED qui l\u2019\u00e9quipent. Revoled-S SC est le produit qui s\u2019adaptera le mieux pour tous type d\u2019application pour des hauteurs de montage moyenne ou haute, gr\u00e2ce \u00e0 ces r\u00e9flecteurs sp\u00e9cifiques Revoled S SC apportera un confort d\u2019\u00e9clairage exceptionnel<\/span><\/p>\n<p><span style=\"color: #000000;\"><strong><u><b>Caract\u00e9ristiques techniques<\/b><\/u><\/strong><\/span><\/p>\n<p><span style=\"color: #000000;\">Corps\u00a0: Profil Aluminium extrud\u00e9<\/span><\/p>\n<p><span style=\"color: #000000;\">Optique\u00a0: R\u00e9flecteur PC haut rendement<\/span><\/p>\n<p><span style=\"color: #000000;\">Diffuseur\u00a0: Verre tremp\u00e9 recouvert d\u2019un film \u00e9lectro-statique<\/span><\/p>\n<p><span style=\"color: #000000;\">Source\u00a0: LED SMD<\/span><\/p>\n<p><span style=\"color: #000000;\">Puissance\u00a0: 38W \u00a0\/ \u00a070W \u00a0\/ \u00a0106W \u00a0\/ \u00a0142W \u00a0<\/span><\/p>\n<p><span style=\"color: #000000;\">Flux lumineux\u00a0: 5 483lm \/ 10 345lm \/ 15 732lm \/ 21 060lm<\/span><\/p>\n<p><span style=\"color: #000000;\">Alimentation\u00a0: 220-240V AC 50\/60Hz<\/span>[\/vc_column_text][\/vc_column][vc_column width=\u00a0\u00bb1\/2&Prime;][vc_single_image image=\u00a0\u00bb2266&Prime; img_size=\u00a0\u00bbfull\u00a0\u00bb][\/vc_column][\/vc_row][vc_row][vc_column width=\u00a0\u00bb1\/2&Prime;][vc_column_text]<span style=\"color: #000000;\">Temp\u00e9rature<\/span><\/p>\n<p><span style=\"color: #000000;\">De couleur\u00a0: 4000\u00b0K \/ 5000\u00b0K \/ 5700\u00b0K<\/span><\/p>\n<p><span style=\"color: #000000;\">IRC\u00a0: &gt;80<\/span><\/p>\n<p><span style=\"color: #000000;\">IP\u00a0: IP65<\/span><\/p>\n<p><span style=\"color: #000000;\">Installation\u00a0: suspendu\u00a0\/ saillie<\/span><\/p>\n<p><span style=\"color: #000000;\">Couleur\u00a0: RAL 9006<\/span>[\/vc_column_text][\/vc_column][vc_column width=\u00a0\u00bb1\/2&Prime;][vc_column_text]<span style=\"color: #000000;\"><strong><u><b>Options\u00a0<\/b><\/u><\/strong> DALI \/ 0-10V<\/span><\/p>\n<p><span style=\"color: #000000;\"><strong><u><b>Courbe Photom\u00e9trique<\/b><\/u><\/strong><\/span><\/p>\n<p><span style=\"color: #000000;\"><strong><u><b>Dimensions<\/b><\/u><\/strong><\/span><\/p>\n<p><span style=\"color: #000000;\"><strong><u><b>R\u00e9f\u00e9rences<\/b><\/u><\/strong><\/span>[\/vc_column_text][\/vc_column][\/vc_row]<\/p>\n","protected":false},"excerpt":{"rendered":"<p>[vc_row][vc_column width=\u00a0\u00bb7\/12&Prime;][vc_single_image image=\u00a0\u00bb2266&Prime; img_size=\u00a0\u00bbfull\u00a0\u00bb alignment=\u00a0\u00bbcenter\u00a0\u00bb][\/vc_column][vc_column width=\u00a0\u00bb5\/12&Prime;][vc_column_text] REVOLED-S ARENA (60\u00b0) &#8211; LOWBAY(90\u00b0) Luminaire Grande Hauteur Le luminaire Revoled-S a \u00e9t\u00e9 con\u00e7u pour r\u00e9pondre aux contraintes industrielles, gr\u00e2ce au design de son corps en Aluminium, \u00e0 la forme de ses r\u00e9flecteurs ou au choix des LED qui l\u2019\u00e9quipent. Revoled-S est le produit qui s\u2019adaptera le mieux pour [&hellip;]<\/p>\n","protected":false},"author":1,"featured_media":0,"parent":2197,"menu_order":0,"comment_status":"closed","ping_status":"closed","template":"","meta":{"footnotes":""},"_links":{"self":[{"href":"https:\/\/voltagroupe.fr\/voltalum\/wp-json\/wp\/v2\/pages\/2409"}],"collection":[{"href":"https:\/\/voltagroupe.fr\/voltalum\/wp-json\/wp\/v2\/pages"}],"about":[{"href":"https:\/\/voltagroupe.fr\/voltalum\/wp-json\/wp\/v2\/types\/page"}],"author":[{"embeddable":true,"href":"https:\/\/voltagroupe.fr\/voltalum\/wp-json\/wp\/v2\/users\/1"}],"replies":[{"embeddable":true,"href":"https:\/\/voltagroupe.fr\/voltalum\/wp-json\/wp\/v2\/comments?post=2409"}],"version-history":[{"count":10,"href":"https:\/\/voltagroupe.fr\/voltalum\/wp-json\/wp\/v2\/pages\/2409\/revisions"}],"predecessor-version":[{"id":2606,"href":"https:\/\/voltagroupe.fr\/voltalum\/wp-json\/wp\/v2\/pages\/2409\/revisions\/2606"}],"up":[{"embeddable":true,"href":"https:\/\/voltagroupe.fr\/voltalum\/wp-json\/wp\/v2\/pages\/2197"}],"wp:attachment":[{"href":"https:\/\/voltagroupe.fr\/voltalum\/wp-json\/wp\/v2\/media?parent=2409"}],"curies":[{"name":"wp","href":"https:\/\/api.w.org\/{rel}","templated":true}]}}