{"id":2415,"date":"2018-01-30T01:47:19","date_gmt":"2018-01-30T00:47:19","guid":{"rendered":"http:\/\/voltagroupe.fr\/voltalum\/?page_id=2415"},"modified":"2018-02-22T12:39:39","modified_gmt":"2018-02-22T11:39:39","slug":"arktos","status":"publish","type":"page","link":"https:\/\/voltagroupe.fr\/voltalum\/produits\/arktos\/","title":{"rendered":"ARKTOS"},"content":{"rendered":"<p>[vc_row][vc_column width=\u00a0\u00bb7\/12&Prime;][vc_single_image image=\u00a0\u00bb2581&Prime; img_size=\u00a0\u00bbfull\u00a0\u00bb alignment=\u00a0\u00bbcenter\u00a0\u00bb][\/vc_column][vc_column width=\u00a0\u00bb5\/12&Prime;][vc_column_text]<\/p>\n<h2><span style=\"color: #000000;\">ARKTOS<\/span><\/h2>\n<h3><span style=\"color: #000000;\">Eclairage de rue<\/span><\/h3>\n<p><span style=\"color: #000000;\">Le luminaire ARKTOS \u00e9claire les parking ext\u00e9rieurs avec un minimum d\u2019\u00e9nergie et un maximum de confort. C\u2019est un luminaire qui a fait ses preuves depuis plusieurs ann\u00e9es gr\u00e2ce \u00e0 son design contemporain et ses performances.<\/span><\/p>\n<p><span style=\"color: #000000;\"><strong><u><b>Caract\u00e9ristiques techniques<\/b><\/u><\/strong><\/span><\/p>\n<p><span style=\"color: #000000;\">Corps\u00a0: Aluminium inject\u00e9 monobloc<\/span><\/p>\n<p><span style=\"color: #000000;\">Optique\u00a0: Optique large<\/span><\/p>\n<p><span style=\"color: #000000;\">Diffuseur\u00a0: Verre tremp\u00e9<\/span><\/p>\n<p><span style=\"color: #000000;\">Source\u00a0: LED de puissance<\/span><\/p>\n<p><span style=\"color: #000000;\">Puissance\u00a0: 53W \u00a0\/ \u00a078W \u00a0\/ \u00a0105W \u00a0\/ \u00a0122W \u00a0\/ \u00a0138W<\/span><\/p>\n<p><span style=\"color: #000000;\">Flux lumineux\u00a0: 6 189lm \/ 8 963lm \/ 11 889lm \/ 13 913lm \/ 15\u00a0926lm<\/span><\/p>\n<p><span style=\"color: #000000;\">Alimentation\u00a0: 220-240V AC 50\/60Hz<\/span>[\/vc_column_text][\/vc_column][\/vc_row][vc_row][vc_column width=\u00a0\u00bb1\/2&Prime;][vc_column_text]<span style=\"color: #000000;\">Temp\u00e9rature<\/span><\/p>\n<p><span style=\"color: #000000;\">De couleur\u00a0: 4000\u00b0K \/ 5000\u00b0K \/ 5700\u00b0K<\/span><\/p>\n<p><span style=\"color: #000000;\">IRC\u00a0: &gt;70<\/span><\/p>\n<p><span style=\"color: #000000;\">IP\u00a0: IP66<\/span><\/p>\n<p><span style=\"color: #000000;\">Installation\u00a0: Sur m\u00e2t ou sur fa\u00e7ade<\/span><\/p>\n<p><span style=\"color: #000000;\">Couleur\u00a0: RAL 9018 + SW306G<\/span>[\/vc_column_text][\/vc_column][vc_column width=\u00a0\u00bb1\/2&Prime;][vc_column_text]<span style=\"color: #000000;\"><strong><u><b>Options\u00a0<\/b><\/u><\/strong> DALI<\/span><\/p>\n<p><span style=\"color: #000000;\"><strong><u><b>Courbe Photom\u00e9trique<\/b><\/u><\/strong><\/span><\/p>\n<p><span style=\"color: #000000;\"><strong><u><b>Dimensions<\/b><\/u><\/strong><\/span><\/p>\n<p><span style=\"color: #000000;\"><strong><u><b>R\u00e9f\u00e9rences<\/b><\/u><\/strong><\/span>[\/vc_column_text][\/vc_column][\/vc_row]<\/p>\n","protected":false},"excerpt":{"rendered":"<p>[vc_row][vc_column width=\u00a0\u00bb7\/12&Prime;][vc_single_image image=\u00a0\u00bb2581&Prime; img_size=\u00a0\u00bbfull\u00a0\u00bb alignment=\u00a0\u00bbcenter\u00a0\u00bb][\/vc_column][vc_column width=\u00a0\u00bb5\/12&Prime;][vc_column_text] ARKTOS Eclairage de rue Le luminaire ARKTOS \u00e9claire les parking ext\u00e9rieurs avec un minimum d\u2019\u00e9nergie et un maximum de confort. C\u2019est un luminaire qui a fait ses preuves depuis plusieurs ann\u00e9es gr\u00e2ce \u00e0 son design contemporain et ses performances. Caract\u00e9ristiques techniques Corps\u00a0: Aluminium inject\u00e9 monobloc Optique\u00a0: Optique large Diffuseur\u00a0: [&hellip;]<\/p>\n","protected":false},"author":1,"featured_media":0,"parent":2197,"menu_order":0,"comment_status":"closed","ping_status":"closed","template":"","meta":{"footnotes":""},"_links":{"self":[{"href":"https:\/\/voltagroupe.fr\/voltalum\/wp-json\/wp\/v2\/pages\/2415"}],"collection":[{"href":"https:\/\/voltagroupe.fr\/voltalum\/wp-json\/wp\/v2\/pages"}],"about":[{"href":"https:\/\/voltagroupe.fr\/voltalum\/wp-json\/wp\/v2\/types\/page"}],"author":[{"embeddable":true,"href":"https:\/\/voltagroupe.fr\/voltalum\/wp-json\/wp\/v2\/users\/1"}],"replies":[{"embeddable":true,"href":"https:\/\/voltagroupe.fr\/voltalum\/wp-json\/wp\/v2\/comments?post=2415"}],"version-history":[{"count":3,"href":"https:\/\/voltagroupe.fr\/voltalum\/wp-json\/wp\/v2\/pages\/2415\/revisions"}],"predecessor-version":[{"id":2612,"href":"https:\/\/voltagroupe.fr\/voltalum\/wp-json\/wp\/v2\/pages\/2415\/revisions\/2612"}],"up":[{"embeddable":true,"href":"https:\/\/voltagroupe.fr\/voltalum\/wp-json\/wp\/v2\/pages\/2197"}],"wp:attachment":[{"href":"https:\/\/voltagroupe.fr\/voltalum\/wp-json\/wp\/v2\/media?parent=2415"}],"curies":[{"name":"wp","href":"https:\/\/api.w.org\/{rel}","templated":true}]}}