{"id":2417,"date":"2018-01-30T01:50:45","date_gmt":"2018-01-30T00:50:45","guid":{"rendered":"http:\/\/voltagroupe.fr\/voltalum\/?page_id=2417"},"modified":"2018-02-22T12:24:43","modified_gmt":"2018-02-22T11:24:43","slug":"lina-etanche","status":"publish","type":"page","link":"https:\/\/voltagroupe.fr\/voltalum\/produits\/lina-etanche\/","title":{"rendered":"LINA ETANCHE"},"content":{"rendered":"<p>[vc_row][vc_column width=\u00a0\u00bb7\/12&Prime;][vc_single_image image=\u00a0\u00bb2580&Prime; img_size=\u00a0\u00bbfull\u00a0\u00bb alignment=\u00a0\u00bbcenter\u00a0\u00bb][\/vc_column][vc_column width=\u00a0\u00bb5\/12&Prime;][vc_column_text]<\/p>\n<h2><span style=\"color: #000000;\">LINA ETANCHE<\/span><\/h2>\n<p><span style=\"color: #000000;\">Le luminaire LINA ETANCHE est destin\u00e9 aux parking comme aux locaux techniques ou aux locaux humides gr\u00e2ce \u00e0 la bonne \u00e9tanch\u00e9it\u00e9 de son corps en Aluminium qui, compar\u00e9 aux \u00e9tanches LED conventionnel, aura une dur\u00e9e de vie sup\u00e9rieur et un excellent gain \u00e9nerg\u00e9tique. Le raccordement et le montage sont simples et faciles.<\/span><\/p>\n<p><span style=\"color: #000000;\"><strong><u><b>Caract\u00e9ristiques techniques<\/b><\/u><\/strong><\/span><\/p>\n<p><span style=\"color: #000000;\">Corps\u00a0: Profil Aluminium extrud\u00e9<\/span><\/p>\n<p><span style=\"color: #000000;\">Diffuseur\u00a0: Polycarbonate opaque faible \u00e9blouissement<\/span><\/p>\n<p><span style=\"color: #000000;\">Source\u00a0: LED SMD<\/span><\/p>\n<p><span style=\"color: #000000;\">Puissance\u00a0: 9,9W \u00a0\/ \u00a018,9W \u00a0\/ \u00a022,3W \u00a0\/ \u00a022,6W \u00a0\/ \u00a031,2W \u00a0\/ \u00a030,9W \u00a0\/ \u00a037,4W \u00a0\/ \u00a037,2W<\/span><\/p>\n<p><span style=\"color: #000000;\">56,1W \u00a0\/ \u00a072,5W<\/span><\/p>\n<p><span style=\"color: #000000;\">Flux lumineux\u00a0: 951lm \/ 2 191lm \/ 2 860lm \/ 2 911lm \/ 3\u00a0956lm \/ 3\u00a0954lm \/ 4\u00a0824lm \/ 4\u00a0828lm<\/span><\/p>\n<p><span style=\"color: #000000;\">7\u00a0276lm \/ 9\u00a0074lm<\/span><\/p>\n<p><span style=\"color: #000000;\">Alimentation\u00a0: 220-240V AC 50\/60Hz<\/span>[\/vc_column_text][\/vc_column][\/vc_row][vc_row][vc_column width=\u00a0\u00bb1\/2&Prime;][vc_column_text]<span style=\"color: #000000;\">Temp\u00e9rature<\/span><\/p>\n<p><span style=\"color: #000000;\">De couleur\u00a0: 4000\u00b0K \/ 5000\u00b0K \/ 5700\u00b0K<\/span><\/p>\n<p><span style=\"color: #000000;\">IRC\u00a0: &gt;80<\/span><\/p>\n<p><span style=\"color: #000000;\">IP\u00a0: IP64<\/span><\/p>\n<p><span style=\"color: #000000;\">Installation\u00a0: saillie<\/span><\/p>\n<p><span style=\"color: #000000;\">Couleur\u00a0: Aluminium anodis\u00e9<\/span>[\/vc_column_text][\/vc_column][vc_column width=\u00a0\u00bb1\/2&Prime;][vc_column_text]<span style=\"color: #000000;\"><strong><u><b>Options\u00a0<\/b><\/u><\/strong> DALI \/ 0-10V\u00a0\/ D\u00e9tecteur int\u00e9gr\u00e9<\/span><\/p>\n<p><span style=\"color: #000000;\"><strong><u><b>Courbe Photom\u00e9trique<\/b><\/u><\/strong><\/span><\/p>\n<p><span style=\"color: #000000;\"><strong><u><b>Dimensions<\/b><\/u><\/strong><\/span><\/p>\n<p><span style=\"color: #000000;\"><strong><u><b>R\u00e9f\u00e9rences<\/b><\/u><\/strong><\/span>[\/vc_column_text][\/vc_column][\/vc_row]<\/p>\n","protected":false},"excerpt":{"rendered":"<p>[vc_row][vc_column width=\u00a0\u00bb7\/12&Prime;][vc_single_image image=\u00a0\u00bb2580&Prime; img_size=\u00a0\u00bbfull\u00a0\u00bb alignment=\u00a0\u00bbcenter\u00a0\u00bb][\/vc_column][vc_column width=\u00a0\u00bb5\/12&Prime;][vc_column_text] LINA ETANCHE Le luminaire LINA ETANCHE est destin\u00e9 aux parking comme aux locaux techniques ou aux locaux humides gr\u00e2ce \u00e0 la bonne \u00e9tanch\u00e9it\u00e9 de son corps en Aluminium qui, compar\u00e9 aux \u00e9tanches LED conventionnel, aura une dur\u00e9e de vie sup\u00e9rieur et un excellent gain \u00e9nerg\u00e9tique. Le raccordement et le [&hellip;]<\/p>\n","protected":false},"author":1,"featured_media":0,"parent":2197,"menu_order":0,"comment_status":"closed","ping_status":"closed","template":"","meta":{"footnotes":""},"_links":{"self":[{"href":"https:\/\/voltagroupe.fr\/voltalum\/wp-json\/wp\/v2\/pages\/2417"}],"collection":[{"href":"https:\/\/voltagroupe.fr\/voltalum\/wp-json\/wp\/v2\/pages"}],"about":[{"href":"https:\/\/voltagroupe.fr\/voltalum\/wp-json\/wp\/v2\/types\/page"}],"author":[{"embeddable":true,"href":"https:\/\/voltagroupe.fr\/voltalum\/wp-json\/wp\/v2\/users\/1"}],"replies":[{"embeddable":true,"href":"https:\/\/voltagroupe.fr\/voltalum\/wp-json\/wp\/v2\/comments?post=2417"}],"version-history":[{"count":3,"href":"https:\/\/voltagroupe.fr\/voltalum\/wp-json\/wp\/v2\/pages\/2417\/revisions"}],"predecessor-version":[{"id":2608,"href":"https:\/\/voltagroupe.fr\/voltalum\/wp-json\/wp\/v2\/pages\/2417\/revisions\/2608"}],"up":[{"embeddable":true,"href":"https:\/\/voltagroupe.fr\/voltalum\/wp-json\/wp\/v2\/pages\/2197"}],"wp:attachment":[{"href":"https:\/\/voltagroupe.fr\/voltalum\/wp-json\/wp\/v2\/media?parent=2417"}],"curies":[{"name":"wp","href":"https:\/\/api.w.org\/{rel}","templated":true}]}}