{"id":2419,"date":"2018-01-30T01:51:53","date_gmt":"2018-01-30T00:51:53","guid":{"rendered":"http:\/\/voltagroupe.fr\/voltalum\/?page_id=2419"},"modified":"2018-02-22T15:33:14","modified_gmt":"2018-02-22T14:33:14","slug":"prolit","status":"publish","type":"page","link":"https:\/\/voltagroupe.fr\/voltalum\/produits\/prolit\/","title":{"rendered":"PROLIT"},"content":{"rendered":"<p>[vc_row][vc_column width=\u00a0\u00bb7\/12&Prime;][vc_single_image image=\u00a0\u00bb2269&Prime; img_size=\u00a0\u00bbfull\u00a0\u00bb alignment=\u00a0\u00bbcenter\u00a0\u00bb][\/vc_column][vc_column width=\u00a0\u00bb5\/12&Prime;][vc_column_text]<\/p>\n<h2><span style=\"color: #000000;\">PROLIT<\/span><\/h2>\n<h3><span style=\"color: #000000;\">Projecteur<\/span><\/h3>\n<p><span style=\"color: #000000;\">(18\u00b0,28\u00b0,60\u00b0, ASY)<\/span><\/p>\n<p><span style=\"color: #000000;\">PROLIT est tout ce qu\u2019on peut attendre d\u2019un projecteur, son corps tr\u00e8s r\u00e9sistant permet \u00e0 la technologie LED de pouvoir s\u2019exprimer au mieux dans les conditions ext\u00e9rieures<\/span><\/p>\n<p><span style=\"color: #000000;\"><strong><u><b>Caract\u00e9ristiques techniques<\/b><\/u><\/strong><\/span><\/p>\n<p><span style=\"color: #000000;\">Corps\u00a0: Aluminium inject\u00e9<\/span><\/p>\n<p><span style=\"color: #000000;\">Optique\u00a0: 18\u00b0,28\u00b0,60\u00b0, optique<\/span><\/p>\n<p><span style=\"color: #000000;\">Diffuseur\u00a0: Verre tremp\u00e9<\/span><\/p>\n<p><span style=\"color: #000000;\">Source\u00a0: LED de puissance<\/span><\/p>\n<p><span style=\"color: #000000;\">Puissance\u00a0: 154W \u00a0\/ \u00a0178W \u00a0\/ \u00a0198W<\/span><\/p>\n<p><span style=\"color: #000000;\">Alimentation\u00a0: 220-240V AC 50\/60Hz<\/span>[\/vc_column_text][\/vc_column][\/vc_row][vc_row][vc_column width=\u00a0\u00bb1\/2&Prime;][vc_column_text]<span style=\"color: #000000;\">Temp\u00e9rature<\/span><\/p>\n<p><span style=\"color: #000000;\">De couleur\u00a0: 4000\u00b0K \/ 5000\u00b0K<\/span><\/p>\n<p><span style=\"color: #000000;\">IRC\u00a0: &gt;70<\/span><\/p>\n<p><span style=\"color: #000000;\">IP\u00a0: IP66<\/span><\/p>\n<p><span style=\"color: #000000;\">Installation\u00a0: Sur fa\u00e7ade, au sol<\/span><\/p>\n<p><span style=\"color: #000000;\">Couleur\u00a0: Noir<\/span>[\/vc_column_text][\/vc_column][vc_column width=\u00a0\u00bb1\/2&Prime;][vc_column_text]<span style=\"color: #000000;\"><strong><u><b>Options\u00a0<\/b><\/u><\/strong> 18\u00b0,28\u00b0,60\u00b0, Optique angle large<\/span><\/p>\n<p><span style=\"color: #000000;\"><strong><u><b>Courbe Photom\u00e9trique<\/b><\/u><\/strong><\/span><\/p>\n<p><span style=\"color: #000000;\"><strong><u><b>Dimensions<\/b><\/u><\/strong><\/span><\/p>\n<p><span style=\"color: #000000;\"><strong><u><b>R\u00e9f\u00e9rences<\/b><\/u><\/strong><\/span>[\/vc_column_text][\/vc_column][\/vc_row][vc_row][vc_column][vc_separator][\/vc_column][\/vc_row][vc_row][vc_column width=\u00a0\u00bb1\/2&Prime;][vc_column_text]<\/p>\n<h2><span style=\"color: #000000;\">PROLIT KOMPAKT<\/span><\/h2>\n<h3><span style=\"color: #000000;\">Projecteur<\/span><\/h3>\n<p><span style=\"color: #000000;\">(18\u00b0,28\u00b0,60\u00b0, 96\u00b0,ASY)<\/span><\/p>\n<p><span style=\"color: #000000;\">Gr\u00e2ce \u00e0 son design contemporain et industriel, ce projecteur compact pourra \u00eatre utiliser dans de nombreuses applications<\/span><\/p>\n<p><span style=\"color: #000000;\"><strong><u><b>Caract\u00e9ristiques techniques<\/b><\/u><\/strong><\/span><\/p>\n<p><span style=\"color: #000000;\">Corps\u00a0: Aluminium inject\u00e9<\/span><\/p>\n<p><span style=\"color: #000000;\">Optique\u00a0: 18\u00b0,28\u00b0,60\u00b0,96\u00b0, optique<\/span><\/p>\n<p><span style=\"color: #000000;\">Diffuseur\u00a0: Verre tremp\u00e9<\/span><\/p>\n<p><span style=\"color: #000000;\">Source\u00a0: LED de puissance<\/span><\/p>\n<p><span style=\"color: #000000;\">Puissance\u00a0: 47W \u00a0\/ \u00a076W \u00a0\/ \u00a0105W<\/span><\/p>\n<p><span style=\"color: #000000;\">Alimentation\u00a0: 220-240V AC 50\/60Hz<\/span>[\/vc_column_text][\/vc_column][vc_column width=\u00a0\u00bb1\/2&Prime;][vc_single_image image=\u00a0\u00bb2269&Prime; img_size=\u00a0\u00bbfull\u00a0\u00bb][\/vc_column][\/vc_row][vc_row][vc_column width=\u00a0\u00bb1\/2&Prime;][vc_column_text]<span style=\"color: #000000;\">Temp\u00e9rature<\/span><\/p>\n<p><span style=\"color: #000000;\">De couleur\u00a0: 4000\u00b0K \/ 5000\u00b0K \/ 5700\u00b0K<\/span><\/p>\n<p><span style=\"color: #000000;\">IRC\u00a0: &gt;70<\/span><\/p>\n<p><span style=\"color: #000000;\">IP\u00a0: IP66<\/span><\/p>\n<p><span style=\"color: #000000;\">Installation\u00a0: Sur fa\u00e7ade, au sol<\/span><\/p>\n<p><span style=\"color: #000000;\">Couleur\u00a0: Noir<\/span>[\/vc_column_text][\/vc_column][vc_column width=\u00a0\u00bb1\/2&Prime;][vc_column_text]<span style=\"color: #000000;\"><strong><u><b>Options\u00a0<\/b><\/u><\/strong> 18\u00b0,28\u00b0,60\u00b0, Optique angle large<\/span><\/p>\n<p><span style=\"color: #000000;\"><strong><u><b>Courbe Photom\u00e9trique<\/b><\/u><\/strong><\/span><\/p>\n<p><span style=\"color: #000000;\"><strong><u><b>Dimensions<\/b><\/u><\/strong><\/span><\/p>\n<p><span style=\"color: #000000;\"><strong><u><b>R\u00e9f\u00e9rences<\/b><\/u><\/strong><\/span>[\/vc_column_text][\/vc_column][\/vc_row][vc_row][vc_column][vc_column_text]<\/p>\n<div class=\"wpb_wrapper\">\n<p><a href=\"http:\/\/www.eaeaydinlatma.com\/en\/products\/eae\/prolit_compact.html?id=1320\" target=\"_blank\" rel=\"noopener\"><span style=\"color: #3b3b3b;\">T\u00e9l\u00e9chargez la <span style=\"color: #3497b5;\">fiche produit PROLIT EKO<\/span><\/span><\/a><\/p>\n<\/div>\n<p>[\/vc_column_text][\/vc_column][\/vc_row]<\/p>\n","protected":false},"excerpt":{"rendered":"<p>[vc_row][vc_column width=\u00a0\u00bb7\/12&Prime;][vc_single_image image=\u00a0\u00bb2269&Prime; img_size=\u00a0\u00bbfull\u00a0\u00bb alignment=\u00a0\u00bbcenter\u00a0\u00bb][\/vc_column][vc_column width=\u00a0\u00bb5\/12&Prime;][vc_column_text] PROLIT Projecteur (18\u00b0,28\u00b0,60\u00b0, ASY) PROLIT est tout ce qu\u2019on peut attendre d\u2019un projecteur, son corps tr\u00e8s r\u00e9sistant permet \u00e0 la technologie LED de pouvoir s\u2019exprimer au mieux dans les conditions ext\u00e9rieures Caract\u00e9ristiques techniques Corps\u00a0: Aluminium inject\u00e9 Optique\u00a0: 18\u00b0,28\u00b0,60\u00b0, optique Diffuseur\u00a0: Verre tremp\u00e9 Source\u00a0: LED de puissance Puissance\u00a0: 154W \u00a0\/ [&hellip;]<\/p>\n","protected":false},"author":1,"featured_media":0,"parent":2197,"menu_order":0,"comment_status":"closed","ping_status":"closed","template":"","meta":{"footnotes":""},"_links":{"self":[{"href":"https:\/\/voltagroupe.fr\/voltalum\/wp-json\/wp\/v2\/pages\/2419"}],"collection":[{"href":"https:\/\/voltagroupe.fr\/voltalum\/wp-json\/wp\/v2\/pages"}],"about":[{"href":"https:\/\/voltagroupe.fr\/voltalum\/wp-json\/wp\/v2\/types\/page"}],"author":[{"embeddable":true,"href":"https:\/\/voltagroupe.fr\/voltalum\/wp-json\/wp\/v2\/users\/1"}],"replies":[{"embeddable":true,"href":"https:\/\/voltagroupe.fr\/voltalum\/wp-json\/wp\/v2\/comments?post=2419"}],"version-history":[{"count":8,"href":"https:\/\/voltagroupe.fr\/voltalum\/wp-json\/wp\/v2\/pages\/2419\/revisions"}],"predecessor-version":[{"id":2623,"href":"https:\/\/voltagroupe.fr\/voltalum\/wp-json\/wp\/v2\/pages\/2419\/revisions\/2623"}],"up":[{"embeddable":true,"href":"https:\/\/voltagroupe.fr\/voltalum\/wp-json\/wp\/v2\/pages\/2197"}],"wp:attachment":[{"href":"https:\/\/voltagroupe.fr\/voltalum\/wp-json\/wp\/v2\/media?parent=2419"}],"curies":[{"name":"wp","href":"https:\/\/api.w.org\/{rel}","templated":true}]}}