{"id":2421,"date":"2018-01-30T01:53:11","date_gmt":"2018-01-30T00:53:11","guid":{"rendered":"http:\/\/voltagroupe.fr\/voltalum\/?page_id=2421"},"modified":"2018-02-22T11:52:47","modified_gmt":"2018-02-22T10:52:47","slug":"sround","status":"publish","type":"page","link":"https:\/\/voltagroupe.fr\/voltalum\/produits\/sround\/","title":{"rendered":"SROUND"},"content":{"rendered":"<p>[vc_row][vc_column width=\u00a0\u00bb7\/12&Prime;][vc_single_image image=\u00a0\u00bb2268&Prime; img_size=\u00a0\u00bbfull\u00a0\u00bb alignment=\u00a0\u00bbcenter\u00a0\u00bb][\/vc_column][vc_column width=\u00a0\u00bb5\/12&Prime;][vc_column_text]<\/p>\n<h2><span style=\"color: #000000;\">SRound<\/span><\/h2>\n<h3><span style=\"color: #000000;\">ARENA (60\u00b0)<\/span><\/h3>\n<p><span style=\"color: #000000;\">Luminaire Grande Hauteur<\/span><\/p>\n<p><span style=\"color: #000000;\">La mise en \u0153uvre du luminaire SRound est rapide. Ce luminaire r\u00e9pond \u00e0 toutes les exigences li\u00e9es \u00e0 l&rsquo;\u00e9clairage des installations industrielles. De design tr\u00e8s contemporain, il b\u00e9n\u00e9ficie d&rsquo;une haute protection contre l&rsquo;eau et la poussi\u00e8re (IP65).<\/span><\/p>\n<p><span style=\"color: #000000;\">Corps\u00a0: Aluminium inject\u00e9<\/span><\/p>\n<p><span style=\"color: #000000;\">Optique\u00a0: R\u00e9flecteur en Aluminium anodis\u00e9 MIRO<\/span><\/p>\n<p><span style=\"color: #000000;\">Diffuseur\u00a0: Verre tremp\u00e9 recouvert d\u2019un film \u00e9lectro-statique<\/span><\/p>\n<p><span style=\"color: #000000;\">Source\u00a0: LED Mid power<\/span><\/p>\n<table>\n<tbody>\n<tr>\n<td width=\"81\"><span style=\"color: #000000;\">Puissance<\/span><\/td>\n<td width=\"63\"><span style=\"color: #000000;\">56W<\/span><\/td>\n<td width=\"104\"><span style=\"color: #000000;\">Flux Lumineux<\/span><\/td>\n<td width=\"70\"><span style=\"color: #000000;\">9 049lm<\/span><\/td>\n<\/tr>\n<tr>\n<td width=\"81\"><\/td>\n<td width=\"63\"><span style=\"color: #000000;\">62W<\/span><\/td>\n<td width=\"104\"><\/td>\n<td width=\"70\"><span style=\"color: #000000;\">9 195lm<\/span><\/td>\n<\/tr>\n<tr>\n<td width=\"81\"><\/td>\n<td width=\"63\"><span style=\"color: #000000;\">76W<\/span><\/td>\n<td width=\"104\"><\/td>\n<td width=\"70\"><span style=\"color: #000000;\">11 677lm<\/span><\/td>\n<\/tr>\n<tr>\n<td width=\"81\"><\/td>\n<td width=\"63\"><span style=\"color: #000000;\">79W<\/span><\/td>\n<td width=\"104\"><\/td>\n<td width=\"70\"><span style=\"color: #000000;\">11 121lm<\/span><\/td>\n<\/tr>\n<tr>\n<td width=\"81\"><\/td>\n<td width=\"63\"><span style=\"color: #000000;\">87W<\/span><\/td>\n<td width=\"104\"><\/td>\n<td width=\"70\"><span style=\"color: #000000;\">13 282lm<\/span><\/td>\n<\/tr>\n<tr>\n<td width=\"81\"><\/td>\n<td width=\"63\"><span style=\"color: #000000;\">92W<\/span><\/td>\n<td width=\"104\"><\/td>\n<td width=\"70\"><span style=\"color: #000000;\">12 605lm<\/span><\/td>\n<\/tr>\n<tr>\n<td width=\"81\"><\/td>\n<td width=\"63\"><span style=\"color: #000000;\">100W<\/span><\/td>\n<td width=\"104\"><\/td>\n<td width=\"70\"><span style=\"color: #000000;\">15 163lm<\/span><\/td>\n<\/tr>\n<tr>\n<td width=\"81\"><\/td>\n<td width=\"63\"><span style=\"color: #000000;\">132W<\/span><\/td>\n<td width=\"104\"><\/td>\n<td width=\"70\"><span style=\"color: #000000;\">19 231lm<\/span><\/td>\n<\/tr>\n<tr>\n<td width=\"81\"><\/td>\n<td width=\"63\"><span style=\"color: #000000;\">163W<\/span><\/td>\n<td width=\"104\"><\/td>\n<td width=\"70\"><span style=\"color: #000000;\">25 448lm<\/span><\/td>\n<\/tr>\n<tr>\n<td width=\"81\"><\/td>\n<td width=\"63\"><span style=\"color: #000000;\">220W<\/span><\/td>\n<td width=\"104\"><\/td>\n<td width=\"70\"><span style=\"color: #000000;\">31 630lm<\/span><\/td>\n<\/tr>\n<\/tbody>\n<\/table>\n<p>[\/vc_column_text][\/vc_column][vc_column][\/vc_column][\/vc_row][vc_row][vc_column width=\u00a0\u00bb1\/2&Prime;][vc_column_text]<span style=\"color: #000000;\">Alimentation\u00a0: 220-240V AC 50\/60Hz<\/span><\/p>\n<p><span style=\"color: #000000;\">Temp\u00e9rature<\/span><\/p>\n<p><span style=\"color: #000000;\">De couleur\u00a0: 4000\u00b0K \/ 5000\u00b0K \/ 5700\u00b0K<\/span><\/p>\n<p><span style=\"color: #000000;\">IRC\u00a0: &gt;80<\/span><\/p>\n<p><span style=\"color: #000000;\">IP\u00a0: IP65<\/span><\/p>\n<p><span style=\"color: #000000;\">Installation\u00a0: suspendu\u00a0\/ saillie<\/span><\/p>\n<p><span style=\"color: #000000;\">Couleur\u00a0: SW 306G<\/span>[\/vc_column_text][\/vc_column][vc_column width=\u00a0\u00bb1\/2&Prime;][vc_column_text]<span style=\"color: #000000;\"><strong><u><b>Options\u00a0<\/b><\/u><\/strong> DALI \/ 0-10V<\/span><\/p>\n<p><span style=\"color: #000000;\"><strong><u><b>Courbe Photom\u00e9trique<\/b><\/u><\/strong><\/span><\/p>\n<p><span style=\"color: #000000;\"><strong><u><b>Dimensions<\/b><\/u><\/strong><\/span><\/p>\n<p><span style=\"color: #000000;\"><strong><b>Performance thermique<\/b><\/strong><\/span><\/p>\n<p><span style=\"color: #000000;\">Gr\u00e2ce \u00e0 sa forme unique et la conception sp\u00e9cifique de son radiateur la dissipation de la chaleur est homog\u00e8ne et particuli\u00e8rement bien adapt\u00e9 aux contraintes des milieux industriels<\/span>[\/vc_column_text][\/vc_column][\/vc_row][vc_row][vc_column][vc_separator][\/vc_column][\/vc_row][vc_row][vc_column][vc_row_inner][vc_column_inner width=\u00a0\u00bb1\/2&Prime;][vc_column_text]<\/p>\n<h2><span style=\"color: #000000;\">SRound<\/span><\/h2>\n<h3><span style=\"color: #000000;\">LOWBAY(90\u00b0)<\/span><\/h3>\n<h3><span style=\"color: #000000;\">LOW LOWBAY(110\u00b0) Verre Opaque<\/span><\/h3>\n<p><span style=\"color: #000000;\">Luminaire Grande Hauteur<\/span><\/p>\n<p><span style=\"color: #000000;\">La mise en \u0153uvre du luminaire SRound est rapide. Ce luminaire r\u00e9pond \u00e0 toutes les exigences li\u00e9es \u00e0 l&rsquo;\u00e9clairage des installations industrielles. De design tr\u00e8s contemporain, il b\u00e9n\u00e9ficie d&rsquo;une haute protection contre l&rsquo;eau et la poussi\u00e8re (IP65).<\/span><\/p>\n<p><span style=\"color: #000000;\"><strong><u><b>Caract\u00e9ristiques techniques<\/b><\/u><\/strong><\/span><\/p>\n<p><span style=\"color: #000000;\">Corps\u00a0: Aluminium inject\u00e9<\/span><\/p>\n<p><span style=\"color: #000000;\">Optique\u00a0: R\u00e9flecteur en Aluminium anodis\u00e9 MIRO<\/span><\/p>\n<p><span style=\"color: #000000;\">Diffuseur\u00a0: Verre tremp\u00e9 recouvert d\u2019un film \u00e9lectro-statique<\/span><\/p>\n<p><span style=\"color: #000000;\">Source\u00a0: LED Mid power<\/span><\/p>\n<table>\n<tbody>\n<tr>\n<td width=\"108\"><span style=\"color: #000000;\">Puissance<\/span><\/td>\n<td width=\"65\"><span style=\"color: #000000;\">56W<\/span><\/td>\n<td width=\"108\"><span style=\"color: #000000;\">Flux lumineux<\/span><\/td>\n<td width=\"81\"><span style=\"color: #000000;\">9 049lm<\/span><\/td>\n<\/tr>\n<tr>\n<td width=\"108\"><span style=\"color: #000000;\">Lombay<\/span><\/td>\n<td width=\"65\"><span style=\"color: #000000;\">62W<\/span><\/td>\n<td width=\"108\"><\/td>\n<td width=\"81\"><span style=\"color: #000000;\">9 195lm<\/span><\/td>\n<\/tr>\n<tr>\n<td width=\"108\"><\/td>\n<td width=\"65\"><span style=\"color: #000000;\">76W<\/span><\/td>\n<td width=\"108\"><\/td>\n<td width=\"81\"><span style=\"color: #000000;\">11 677lm<\/span><\/td>\n<\/tr>\n<tr>\n<td width=\"108\"><\/td>\n<td width=\"65\"><span style=\"color: #000000;\">79W<\/span><\/td>\n<td width=\"108\"><\/td>\n<td width=\"81\"><span style=\"color: #000000;\">11 121lm<\/span><\/td>\n<\/tr>\n<tr>\n<td width=\"108\"><\/td>\n<td width=\"65\"><span style=\"color: #000000;\">87W<\/span><\/td>\n<td width=\"108\"><\/td>\n<td width=\"81\"><span style=\"color: #000000;\">13 282lm<\/span><\/td>\n<\/tr>\n<tr>\n<td width=\"108\"><\/td>\n<td width=\"65\"><span style=\"color: #000000;\">92W<\/span><\/td>\n<td width=\"108\"><\/td>\n<td width=\"81\"><span style=\"color: #000000;\">12 605lm<\/span><\/td>\n<\/tr>\n<tr>\n<td width=\"108\"><\/td>\n<td width=\"65\"><span style=\"color: #000000;\">100W<\/span><\/td>\n<td width=\"108\"><\/td>\n<td width=\"81\"><span style=\"color: #000000;\">15 163lm<\/span><\/td>\n<\/tr>\n<tr>\n<td width=\"108\"><\/td>\n<td width=\"65\"><span style=\"color: #000000;\">132W<\/span><\/td>\n<td width=\"108\"><\/td>\n<td width=\"81\"><span style=\"color: #000000;\">19 231lm<\/span><\/td>\n<\/tr>\n<tr>\n<td width=\"108\"><\/td>\n<td width=\"65\"><span style=\"color: #000000;\">163W<\/span><\/td>\n<td width=\"108\"><\/td>\n<td width=\"81\"><span style=\"color: #000000;\">25 448lm<\/span><\/td>\n<\/tr>\n<tr>\n<td width=\"108\"><span style=\"color: #000000;\">Low Lombay<\/span><\/td>\n<td width=\"65\"><span style=\"color: #000000;\">56W<\/span><\/td>\n<td width=\"108\"><\/td>\n<td width=\"81\"><span style=\"color: #000000;\">7 928lm<\/span><\/td>\n<\/tr>\n<tr>\n<td width=\"108\"><\/td>\n<td width=\"65\"><span style=\"color: #000000;\">60W<\/span><\/td>\n<td width=\"108\"><\/td>\n<td width=\"81\"><span style=\"color: #000000;\">8 118lm<\/span><\/td>\n<\/tr>\n<tr>\n<td width=\"108\"><\/td>\n<td width=\"65\"><span style=\"color: #000000;\">75W<\/span><\/td>\n<td width=\"108\"><\/td>\n<td width=\"81\"><span style=\"color: #000000;\">10 421lm<\/span><\/td>\n<\/tr>\n<tr>\n<td width=\"108\"><\/td>\n<td width=\"65\"><span style=\"color: #000000;\">78W<\/span><\/td>\n<td width=\"108\"><\/td>\n<td width=\"81\"><span style=\"color: #000000;\">9\u00a0921lm<\/span><\/td>\n<\/tr>\n<tr>\n<td width=\"108\"><\/td>\n<td width=\"65\"><span style=\"color: #000000;\">87W<\/span><\/td>\n<td width=\"108\"><\/td>\n<td width=\"81\"><span style=\"color: #000000;\">11\u00a0868lm<\/span><\/td>\n<\/tr>\n<tr>\n<td width=\"108\"><\/td>\n<td width=\"65\"><span style=\"color: #000000;\">91W<\/span><\/td>\n<td width=\"108\"><\/td>\n<td width=\"81\"><span style=\"color: #000000;\">11\u00a0213lm<\/span><\/td>\n<\/tr>\n<\/tbody>\n<\/table>\n<p>[\/vc_column_text][\/vc_column_inner][vc_column_inner width=\u00a0\u00bb1\/2&Prime;][vc_single_image image=\u00a0\u00bb2268&Prime; img_size=\u00a0\u00bbfull\u00a0\u00bb][\/vc_column_inner][\/vc_row_inner][\/vc_column][\/vc_row][vc_row][vc_column width=\u00a0\u00bb1\/2&Prime;][vc_column_text]<span style=\"color: #000000;\">Alimentation\u00a0: 220-240V AC 50\/60Hz<\/span><\/p>\n<p><span style=\"color: #000000;\">Temp\u00e9rature<\/span><\/p>\n<p><span style=\"color: #000000;\">De couleur\u00a0: 4000\u00b0K \/ 5000\u00b0K \/ 5700\u00b0K<\/span><\/p>\n<p><span style=\"color: #000000;\">IRC\u00a0: &gt;80<\/span><\/p>\n<p><span style=\"color: #000000;\">IP\u00a0: IP65<\/span><\/p>\n<p><span style=\"color: #000000;\">Installation\u00a0: suspendu\u00a0\/ saillie<\/span><\/p>\n<p><span style=\"color: #000000;\">Couleur\u00a0: SW 306G<\/span><\/p>\n<p><span style=\"color: #000000;\">\u00a0<\/span>[\/vc_column_text][\/vc_column][vc_column width=\u00a0\u00bb1\/2&Prime;][vc_column_text]<span style=\"color: #000000;\"><strong><u><b>Options\u00a0<\/b><\/u><\/strong> DALI \/ 0-10V<br \/>\n<\/span><span style=\"color: #000000;\">Angle des r\u00e9flecteurs 90\u00b0\u00a0\/ 110\u00b0<br \/>\n<\/span><span style=\"color: #000000;\">Verre Opaque<\/span><\/p>\n<p><span style=\"color: #000000;\"><strong><u><b>Courbe Photom\u00e9trique<\/b><\/u><\/strong><\/span><\/p>\n<p><span style=\"color: #000000;\"><strong><u><b>Dimensions<\/b><\/u><\/strong><\/span><\/p>\n<p><span style=\"color: #000000;\">SRound propose diff\u00e9rents angles de r\u00e9flecteurs pour s\u2019adapter \u00e0 toutes les hauteurs de montage<\/span>[\/vc_column_text][\/vc_column][\/vc_row][vc_row][vc_column][vc_separator][\/vc_column][\/vc_row][vc_row][vc_column width=\u00a0\u00bb1\/2&Prime;][vc_single_image image=\u00a0\u00bb2268&Prime; img_size=\u00a0\u00bbfull\u00a0\u00bb][\/vc_column][vc_column width=\u00a0\u00bb1\/2&Prime;][vc_column_text]<\/p>\n<h2><span style=\"color: #000000;\">SRound INDUSTRIE<\/span><\/h2>\n<h3><span style=\"color: #000000;\">ARENA (60\u00b0) &#8211; LOWBAY(90\u00b0)<br \/>\nPlage de temp\u00e9rature ambiante de fonctionnement -35\u00b0C +75\u00b0C<\/span><\/h3>\n<p><span style=\"color: #000000;\">Luminaire Grande Hauteur<\/span><\/p>\n<p><span style=\"color: #000000;\">La mise en \u0153uvre du luminaire SRound est rapide. Ce luminaire r\u00e9pond \u00e0 toutes les exigences li\u00e9es \u00e0 l&rsquo;\u00e9clairage des installations industrielles. De design tr\u00e8s contemporain, il b\u00e9n\u00e9ficie d&rsquo;une haute protection contre l&rsquo;eau et la poussi\u00e8re (IP65).<\/span><\/p>\n<p><span style=\"color: #000000;\"><strong><u><b>Caract\u00e9ristiques techniques<\/b><\/u><\/strong><\/span><\/p>\n<p><span style=\"color: #000000;\">Corps\u00a0: Aluminium inject\u00e9<\/span><\/p>\n<p><span style=\"color: #000000;\">Optique\u00a0: R\u00e9flecteur en Aluminium anodis\u00e9 MIRO<\/span><\/p>\n<p><span style=\"color: #000000;\">Diffuseur\u00a0: Verre tremp\u00e9 recouvert d\u2019un film \u00e9lectro-statique<\/span><\/p>\n<p><span style=\"color: #000000;\">Source\u00a0: LED Mid power \/ Power LED<\/span><\/p>\n<table>\n<tbody>\n<tr>\n<td width=\"154\"><span style=\"color: #000000;\">Puissance\u00a0<\/span><\/td>\n<td width=\"66\"><span style=\"color: #000000;\">56W<\/span><\/td>\n<td width=\"103\"><span style=\"color: #000000;\">Flux lumineux\u00a0:<\/span><\/td>\n<td width=\"79\"><span style=\"color: #000000;\">8 927lm<\/span><\/td>\n<\/tr>\n<tr>\n<td width=\"154\"><span style=\"color: #000000;\">Arena Mid Power LED<\/span><\/td>\n<td width=\"66\"><span style=\"color: #000000;\">76W<\/span><\/td>\n<td width=\"103\"><\/td>\n<td width=\"79\"><span style=\"color: #000000;\">11 690lm<\/span><\/td>\n<\/tr>\n<tr>\n<td width=\"154\"><\/td>\n<td width=\"66\"><span style=\"color: #000000;\">88W<\/span><\/td>\n<td width=\"103\"><\/td>\n<td width=\"79\"><span style=\"color: #000000;\">13 461lm<\/span><\/td>\n<\/tr>\n<tr>\n<td width=\"154\"><span style=\"color: #000000;\">Arena Power LED<\/span><\/td>\n<td width=\"66\"><span style=\"color: #000000;\">68W<\/span><\/td>\n<td width=\"103\"><\/td>\n<td width=\"79\"><span style=\"color: #000000;\">9 805lm<\/span><\/td>\n<\/tr>\n<tr>\n<td width=\"154\"><\/td>\n<td width=\"66\"><span style=\"color: #000000;\">136W<\/span><\/td>\n<td width=\"103\"><\/td>\n<td width=\"79\"><span style=\"color: #000000;\">18 429lm<\/span><\/td>\n<\/tr>\n<tr>\n<td width=\"154\"><\/td>\n<td width=\"66\"><span style=\"color: #000000;\">220W<\/span><\/td>\n<td width=\"103\"><\/td>\n<td width=\"79\"><span style=\"color: #000000;\">31 636lm<\/span><\/td>\n<\/tr>\n<tr>\n<td width=\"154\"><span style=\"color: #000000;\">Lowbay Mid Power LED<\/span><\/td>\n<td width=\"66\"><span style=\"color: #000000;\">56W<\/span><\/td>\n<td width=\"103\"><\/td>\n<td width=\"79\"><span style=\"color: #000000;\">8 820lm<\/span><\/td>\n<\/tr>\n<tr>\n<td width=\"154\"><\/td>\n<td width=\"66\"><span style=\"color: #000000;\">76W<\/span><\/td>\n<td width=\"103\"><\/td>\n<td width=\"79\"><span style=\"color: #000000;\">11 576lm<\/span><\/td>\n<\/tr>\n<tr>\n<td width=\"154\"><\/td>\n<td width=\"66\"><span style=\"color: #000000;\">88W<\/span><\/td>\n<td width=\"103\"><\/td>\n<td width=\"79\"><span style=\"color: #000000;\">13 376lm<\/span><\/td>\n<\/tr>\n<tr>\n<td width=\"154\"><span style=\"color: #000000;\">Lowbay Power LED<\/span><\/td>\n<td width=\"66\"><span style=\"color: #000000;\">68W<\/span><\/td>\n<td width=\"103\"><\/td>\n<td width=\"79\"><span style=\"color: #000000;\">\u00a09 679lm<\/span><\/td>\n<\/tr>\n<tr>\n<td width=\"154\"><\/td>\n<td width=\"66\"><span style=\"color: #000000;\">136W<\/span><\/td>\n<td width=\"103\"><\/td>\n<td width=\"79\"><span style=\"color: #000000;\">18 217lm<\/span><\/td>\n<\/tr>\n<tr>\n<td width=\"154\"><\/td>\n<td width=\"66\"><span style=\"color: #000000;\">220W<\/span><\/td>\n<td width=\"103\"><\/td>\n<td width=\"79\"><span style=\"color: #000000;\">31 421lm<\/span><\/td>\n<\/tr>\n<\/tbody>\n<\/table>\n<p>[\/vc_column_text][\/vc_column][\/vc_row][vc_row][vc_column width=\u00a0\u00bb1\/2&Prime;][vc_column_text]<span style=\"color: #000000;\">Alimentation\u00a0: 220-240V AC 50\/60Hz<\/span><\/p>\n<p><span style=\"color: #000000;\">Temp\u00e9rature<\/span><\/p>\n<p><span style=\"color: #000000;\">De couleur\u00a0: 4000\u00b0K \/ 5000\u00b0K \/ 5700\u00b0K<\/span><\/p>\n<p><span style=\"color: #000000;\">IRC\u00a0: &gt;80<\/span><\/p>\n<p><span style=\"color: #000000;\">IP\u00a0: IP65<\/span><\/p>\n<p><span style=\"color: #000000;\">Installation\u00a0: suspendu\u00a0\/ saillie<\/span><\/p>\n<p><span style=\"color: #000000;\">Couleur\u00a0: SW 306G<\/span>[\/vc_column_text][\/vc_column][vc_column width=\u00a0\u00bb1\/2&Prime;][vc_column_text]<span style=\"color: #000000;\"><strong><u><b>Options\u00a0<\/b><\/u><\/strong> DALI \/ 0-10V<\/span><\/p>\n<p><span style=\"color: #000000;\">Angle des r\u00e9flecteurs 90\u00b0\u00a0\/ 110\u00b0<\/span><\/p>\n<p><span style=\"color: #000000;\">Verre Opaque<\/span><\/p>\n<p><span style=\"color: #000000;\"><strong><u><b>Courbe Photom\u00e9trique<\/b><\/u><\/strong><\/span><\/p>\n<p><span style=\"color: #000000;\"><strong><u><b>Dimensions<\/b><\/u><\/strong><\/span>[\/vc_column_text][\/vc_column][\/vc_row]<\/p>\n","protected":false},"excerpt":{"rendered":"<p>[vc_row][vc_column width=\u00a0\u00bb7\/12&Prime;][vc_single_image image=\u00a0\u00bb2268&Prime; img_size=\u00a0\u00bbfull\u00a0\u00bb alignment=\u00a0\u00bbcenter\u00a0\u00bb][\/vc_column][vc_column width=\u00a0\u00bb5\/12&Prime;][vc_column_text] SRound ARENA (60\u00b0) Luminaire Grande Hauteur La mise en \u0153uvre du luminaire SRound est rapide. Ce luminaire r\u00e9pond \u00e0 toutes les exigences li\u00e9es \u00e0 l&rsquo;\u00e9clairage des installations industrielles. De design tr\u00e8s contemporain, il b\u00e9n\u00e9ficie d&rsquo;une haute protection contre l&rsquo;eau et la poussi\u00e8re (IP65). Corps\u00a0: Aluminium inject\u00e9 Optique\u00a0: R\u00e9flecteur en [&hellip;]<\/p>\n","protected":false},"author":1,"featured_media":0,"parent":2197,"menu_order":0,"comment_status":"closed","ping_status":"closed","template":"","meta":{"footnotes":""},"_links":{"self":[{"href":"https:\/\/voltagroupe.fr\/voltalum\/wp-json\/wp\/v2\/pages\/2421"}],"collection":[{"href":"https:\/\/voltagroupe.fr\/voltalum\/wp-json\/wp\/v2\/pages"}],"about":[{"href":"https:\/\/voltagroupe.fr\/voltalum\/wp-json\/wp\/v2\/types\/page"}],"author":[{"embeddable":true,"href":"https:\/\/voltagroupe.fr\/voltalum\/wp-json\/wp\/v2\/users\/1"}],"replies":[{"embeddable":true,"href":"https:\/\/voltagroupe.fr\/voltalum\/wp-json\/wp\/v2\/comments?post=2421"}],"version-history":[{"count":8,"href":"https:\/\/voltagroupe.fr\/voltalum\/wp-json\/wp\/v2\/pages\/2421\/revisions"}],"predecessor-version":[{"id":2599,"href":"https:\/\/voltagroupe.fr\/voltalum\/wp-json\/wp\/v2\/pages\/2421\/revisions\/2599"}],"up":[{"embeddable":true,"href":"https:\/\/voltagroupe.fr\/voltalum\/wp-json\/wp\/v2\/pages\/2197"}],"wp:attachment":[{"href":"https:\/\/voltagroupe.fr\/voltalum\/wp-json\/wp\/v2\/media?parent=2421"}],"curies":[{"name":"wp","href":"https:\/\/api.w.org\/{rel}","templated":true}]}}