{"id":2628,"date":"2018-03-01T13:58:14","date_gmt":"2018-03-01T12:58:14","guid":{"rendered":"http:\/\/voltagroupe.fr\/voltalum\/?page_id=2628"},"modified":"2018-03-01T20:25:43","modified_gmt":"2018-03-01T19:25:43","slug":"optilum","status":"publish","type":"page","link":"https:\/\/voltagroupe.fr\/voltalum\/optilum\/","title":{"rendered":"OPTILUM"},"content":{"rendered":"<p>[vc_row][vc_column width=\u00a0\u00bb1\/4&Prime;][vc_row_inner][vc_column_inner][vc_single_image image=\u00a0\u00bb2430&Prime; img_size=\u00a0\u00bbfull\u00a0\u00bb alignment=\u00a0\u00bbcenter\u00a0\u00bb][\/vc_column_inner][\/vc_row_inner][\/vc_column][vc_column width=\u00a0\u00bb3\/4&Prime;][vc_column_text]<span style=\"color: #000000;\">Nous proposons une solution de gestion d\u2019\u00e9clairage sans fil adapt\u00e9e sp\u00e9cifiquement aux b\u00e2timents logistiques et industriels, nous appelons cette gamme OPTILUM, son but est d\u2019optimiser l\u2019\u00e9clairage pour r\u00e9duire au maximum la consommation d\u2019\u00e9nergie li\u00e9e \u00e0 l\u2019\u00e9clairage tout en conservant un confort de travail optimum. Nous utilisons des produits de notre partenaire historique ENIKA que nous avons modifi\u00e9s et adapt\u00e9s ensemble afin qu\u2019ils r\u00e9pondent aux besoin sp\u00e9cifiques des b\u00e2timents logistiques et industriels. <\/span><\/p>\n<p><span style=\"color: #000000;\">Les produits OPTILUM peuvent s\u2019adapter sur n\u2019importe quel luminaire DALI de mani\u00e8re \u00e0 les rendre autonomes sans c\u00e2blage sp\u00e9cifique.<\/span>[\/vc_column_text][\/vc_column][\/vc_row][vc_row][vc_column][vc_separator][\/vc_column][\/vc_row][vc_row][vc_column width=\u00a0\u00bb2\/3&Prime;][vc_single_image image=\u00a0\u00bb2499&Prime; img_size=\u00a0\u00bbfull\u00a0\u00bb][\/vc_column][vc_column width=\u00a0\u00bb1\/6&Prime;][vc_single_image image=\u00a0\u00bb2647&Prime; alignment=\u00a0\u00bbcenter\u00a0\u00bb][vc_single_image image=\u00a0\u00bb2633&Prime; img_size=\u00a0\u00bbfull\u00a0\u00bb alignment=\u00a0\u00bbcenter\u00a0\u00bb][vc_single_image image=\u00a0\u00bb2634&Prime; img_size=\u00a0\u00bbfull\u00a0\u00bb alignment=\u00a0\u00bbcenter\u00a0\u00bb][vc_single_image image=\u00a0\u00bb2631&Prime; img_size=\u00a0\u00bbfull\u00a0\u00bb alignment=\u00a0\u00bbcenter\u00a0\u00bb][\/vc_column][vc_column width=\u00a0\u00bb1\/6&Prime;][vc_column_text]<span style=\"color: #000000;\">D\u00e9tecteur de pr\u00e9sence<\/span>[\/vc_column_text][vc_column_text]&nbsp;<\/p>\n<p>&nbsp;<\/p>\n<p><span style=\"color: #000000;\">Gradation en fonction de la luminosit\u00e9<\/span>[\/vc_column_text][vc_column_text]&nbsp;<\/p>\n<p><span style=\"color: #000000;\">Rapport de fonctionnement<\/span>[\/vc_column_text][vc_column_text]&nbsp;<\/p>\n<p>&nbsp;<\/p>\n<p><span style=\"color: #000000;\">Contr\u00f4le \u00e0 distance<\/span>[\/vc_column_text][\/vc_column][\/vc_row][vc_row][vc_column][\/vc_column][\/vc_row][vc_row][vc_column width=\u00a0\u00bb1\/4&Prime;][vc_single_image image=\u00a0\u00bb2640&Prime; alignment=\u00a0\u00bbcenter\u00a0\u00bb][\/vc_column][vc_column width=\u00a0\u00bb1\/4&Prime;][vc_column_text]&nbsp;<\/p>\n<p><span style=\"color: #000000;\">Luminaire intelligent sans fil DALI<\/span>[\/vc_column_text][\/vc_column][vc_column width=\u00a0\u00bb1\/4&Prime;][vc_single_image image=\u00a0\u00bb2641&Prime; alignment=\u00a0\u00bbcenter\u00a0\u00bb][\/vc_column][vc_column width=\u00a0\u00bb1\/4&Prime;][vc_column_text]<span style=\"color: #000000;\"><br \/>\nProgrammation et param\u00e9trage depuis 1 PC (Syst\u00e8me Pos\u00e9idon\/OPTILUM)<\/span>[\/vc_column_text][\/vc_column][\/vc_row][vc_row][vc_column width=\u00a0\u00bb1\/4&Prime;][vc_single_image image=\u00a0\u00bb2636&Prime; alignment=\u00a0\u00bbcenter\u00a0\u00bb][\/vc_column][vc_column width=\u00a0\u00bb1\/4&Prime;][vc_column_text]&nbsp;<\/p>\n<p><span style=\"color: #000000;\">Comptage + stockage data (20ans)<\/span>[\/vc_column_text][\/vc_column][vc_column width=\u00a0\u00bb1\/4&Prime;][vc_single_image image=\u00a0\u00bb2639&Prime; alignment=\u00a0\u00bbcenter\u00a0\u00bb][\/vc_column][vc_column width=\u00a0\u00bb1\/4&Prime;][vc_column_text]<span style=\"color: #000000;\"><br \/>\nInterface de gestion sur place (c\u00e2ble ethernet) ou \u00e0 distance via internet<\/span>[\/vc_column_text][\/vc_column][\/vc_row][vc_row][vc_column width=\u00a0\u00bb1\/4&Prime;][vc_single_image image=\u00a0\u00bb2637&Prime; alignment=\u00a0\u00bbcenter\u00a0\u00bb][\/vc_column][vc_column width=\u00a0\u00bb1\/4&Prime;][vc_column_text]&nbsp;<\/p>\n<p><span style=\"color: #000000;\">Contr\u00f4le des param\u00e8tres \u00e0 distance<\/span>[\/vc_column_text][\/vc_column][vc_column width=\u00a0\u00bb1\/4&Prime;][vc_single_image image=\u00a0\u00bb2638&Prime; alignment=\u00a0\u00bbcenter\u00a0\u00bb][\/vc_column][vc_column width=\u00a0\u00bb1\/4&Prime;][vc_column_text]<span style=\"color: #000000;\"><br \/>\nInterface de gestion sur place (c\u00e2ble distance ethernet) ou \u00e0 distance via internet ou via la GTB (Int\u00e9gration)<\/span>[\/vc_column_text][\/vc_column][\/vc_row][vc_row][vc_column][vc_separator][\/vc_column][\/vc_row][vc_row][vc_column][vc_column_text]<\/p>\n<p style=\"text-align: center;\"><span style=\"color: #000000;\">L\u2019installation est simple et autonome, on peut rajouter des interfaces en fonction des besoins qui permettent de visionner les consommations et l\u2019\u00e9tat de l\u2019installation, sur site ou \u00e0 distance ainsi que de changer les param\u00e8tres de programmation (changement des seuils, marche forc\u00e9e)<\/span><\/p>\n<p style=\"text-align: center;\"><span style=\"color: #000000;\">Le syst\u00e8me de gestion peut \u00e9galement se relier \u00e0 une GTB via une int\u00e9gration<\/span><\/p>\n<p>[\/vc_column_text][\/vc_column][\/vc_row][vc_row][vc_column][vc_video link=\u00a0\u00bbhttps:\/\/www.youtube.com\/watch?v=yq9c9SAX8FE\u00a0\u00bb el_width=\u00a0\u00bb80&Prime; align=\u00a0\u00bbcenter\u00a0\u00bb][\/vc_column][\/vc_row][vc_row][vc_column][\/vc_column][\/vc_row][vc_row][vc_column][vc_column_text]<span style=\"color: #000000;\"><b>Avantages du syst\u00e8me OPTILUM<\/b><\/span><\/p>\n<ul>\n<li><span style=\"color: #000000;\">Pas de bus de commande (=gaines d\u2019\u00e9clairage perpendiculaire aux all\u00e9es de rackage)<\/span><\/li>\n<li><span style=\"color: #000000;\">Interface de programmation et de gestion sans fil<\/span><\/li>\n<li><span style=\"color: #000000;\">Programmation simple et efficace<\/span><\/li>\n<li><span style=\"color: #000000;\">Syst\u00e8me \u00e9volutif (collecte d\u2019information, conso temp\u00e9rature, \u00e9tat etc)<\/span><\/li>\n<li><span style=\"color: #000000;\">Contr\u00f4le \u00e0 distance ou via la GTB<\/span><\/li>\n<\/ul>\n<p>[\/vc_column_text][\/vc_column][\/vc_row]<\/p>\n","protected":false},"excerpt":{"rendered":"<p>[vc_row][vc_column width=\u00a0\u00bb1\/4&Prime;][vc_row_inner][vc_column_inner][vc_single_image image=\u00a0\u00bb2430&Prime; img_size=\u00a0\u00bbfull\u00a0\u00bb alignment=\u00a0\u00bbcenter\u00a0\u00bb][\/vc_column_inner][\/vc_row_inner][\/vc_column][vc_column width=\u00a0\u00bb3\/4&Prime;][vc_column_text]Nous proposons une solution de gestion d\u2019\u00e9clairage sans fil adapt\u00e9e sp\u00e9cifiquement aux b\u00e2timents logistiques et industriels, nous appelons cette gamme OPTILUM, son but est d\u2019optimiser l\u2019\u00e9clairage pour r\u00e9duire au maximum la consommation d\u2019\u00e9nergie li\u00e9e \u00e0 l\u2019\u00e9clairage tout en conservant un confort de travail optimum. Nous utilisons des produits de notre [&hellip;]<\/p>\n","protected":false},"author":1,"featured_media":0,"parent":0,"menu_order":0,"comment_status":"closed","ping_status":"closed","template":"","meta":{"footnotes":""},"_links":{"self":[{"href":"https:\/\/voltagroupe.fr\/voltalum\/wp-json\/wp\/v2\/pages\/2628"}],"collection":[{"href":"https:\/\/voltagroupe.fr\/voltalum\/wp-json\/wp\/v2\/pages"}],"about":[{"href":"https:\/\/voltagroupe.fr\/voltalum\/wp-json\/wp\/v2\/types\/page"}],"author":[{"embeddable":true,"href":"https:\/\/voltagroupe.fr\/voltalum\/wp-json\/wp\/v2\/users\/1"}],"replies":[{"embeddable":true,"href":"https:\/\/voltagroupe.fr\/voltalum\/wp-json\/wp\/v2\/comments?post=2628"}],"version-history":[{"count":4,"href":"https:\/\/voltagroupe.fr\/voltalum\/wp-json\/wp\/v2\/pages\/2628\/revisions"}],"predecessor-version":[{"id":2648,"href":"https:\/\/voltagroupe.fr\/voltalum\/wp-json\/wp\/v2\/pages\/2628\/revisions\/2648"}],"wp:attachment":[{"href":"https:\/\/voltagroupe.fr\/voltalum\/wp-json\/wp\/v2\/media?parent=2628"}],"curies":[{"name":"wp","href":"https:\/\/api.w.org\/{rel}","templated":true}]}}